{"id":2256,"date":"2021-05-25T10:49:52","date_gmt":"2021-05-25T09:49:52","guid":{"rendered":"https:\/\/www.reconnaissancegroup.com\/?page_id=2256"},"modified":"2021-06-04T13:03:54","modified_gmt":"2021-06-04T12:03:54","slug":"nos-entreprises","status":"publish","type":"page","link":"https:\/\/www.reconnaissancegroup.com\/fr\/nos-entreprises\/","title":{"rendered":"Nos Entreprises"},"content":{"rendered":"<div class=\"wpb-content-wrapper\"><p>[vc_row][vc_column][vc_custom_heading text=\u00a0\u00bbNos Entreprises\u00a0\u00bb font_container=\u00a0\u00bbtag:h1|text_align:left\u00a0\u00bb use_theme_fonts=\u00a0\u00bbyes\u00a0\u00bb][vc_column_text]Depuis sa cr\u00e9ation en 2006, Reconnaissance Group fournit des services sp\u00e9cialis\u00e9s de s\u00e9curit\u00e9 et de gestion des risques \u00e0 des clients du monde entier. Les environnements op\u00e9rationnels de nos clients devenant de plus en plus volatils, incertains, complexes et ambigus, nos prestations ont d\u00fb s\u2019adapter \u00e0 ces nouveaux d\u00e9fis. Pouss\u00e9s par les exigences g\u00e9ographiques sp\u00e9cifiques, nous avons d\u2019une part fond\u00e9 Reconnaissance Trace Inc. pour prioriser la continuit\u00e9 des affaires et la r\u00e9silience organisationnelle dans la zone Am\u00e9rique, et d\u2019autre part Reconnaissance Management S.A. pour fournir la planification logistique, le suivi GPS, la communication et la technologie d\u2019alarme fond\u00e9e sur le conseil en s\u00e9curit\u00e9 de pointe dans la r\u00e9gion des Cara\u00efbes.[\/vc_column_text][vc_row_inner equal_height=\u00a0\u00bbyes\u00a0\u00bb gap=\u00a0\u00bb20&Prime;][vc_column_inner width=\u00a0\u00bb1\/2&Prime; css=\u00a0\u00bb.vc_custom_1621336790058{padding-top: 100px !important;padding-right: 45px !important;padding-bottom: 80px !important;padding-left: 45px !important;background: #e5e5e5 url(https:\/\/www.reconnaissancegroup.com\/wp-content\/uploads\/2021\/05\/reconnaissance-management-sa.jpg?id=2258) !important;background-position: center !important;background-repeat: no-repeat !important;background-size: cover !important;}\u00a0\u00bb][vc_column_text]<\/p>\n<p style=\"text-align: center;\"><strong>SERVICE DE S\u00c9CURIT\u00c9<\/strong><\/p>\n<p>[\/vc_column_text][vc_custom_heading text=\u00a0\u00bbReconnaissance Management S.A.\u00a0\u00bb font_container=\u00a0\u00bbtag:h2|text_align:center|color:%23ffffff\u00a0\u00bb use_theme_fonts=\u00a0\u00bbyes\u00a0\u00bb link=\u00a0\u00bburl:https%3A%2F%2Fwww.reconnaissancegroup.com%2Ffr%2Fnos-entreprises%2Freconnaissance-management-s-a%2F|title:Reconnaissance%20Management%20S.A.\u00a0\u00bb][vc_column_text el_class=\u00a0\u00bbwhite-text\u00a0\u00bb]<\/p>\n<p style=\"text-align: center;\">Au cours des 15 derni\u00e8res ann\u00e9es, Reconnaissance a acquis une exp\u00e9rience hors pair dans certains environnements qui comptent parmi les plus exigeants au monde.<\/p>\n<p>[\/vc_column_text][vc_btn title=\u00a0\u00bbEn savoir plus\u00a0\u00bb style=\u00a0\u00bbflat\u00a0\u00bb size=\u00a0\u00bblg\u00a0\u00bb align=\u00a0\u00bbcenter\u00a0\u00bb link=\u00a0\u00bburl:https%3A%2F%2Fwww.reconnaissancegroup.com%2Ffr%2Fnos-entreprises%2Freconnaissance-management-s-a%2F|title:Reconnaissance%20Management%20S.A.\u00a0\u00bb][\/vc_column_inner][vc_column_inner width=\u00a0\u00bb1\/2&Prime; css=\u00a0\u00bb.vc_custom_1621337367256{padding-top: 100px !important;padding-right: 45px !important;padding-bottom: 80px !important;padding-left: 45px !important;background: #e5e5e5 url(https:\/\/www.reconnaissancegroup.com\/wp-content\/uploads\/2021\/05\/reconnaissance-trace-inc.jpg?id=2260) !important;background-position: center !important;background-repeat: no-repeat !important;background-size: cover !important;}\u00a0\u00bb][vc_column_text]<\/p>\n<p style=\"text-align: center;\"><strong>FORMATION A LA R\u00c9SILIENCE<\/strong><\/p>\n<p>[\/vc_column_text][vc_custom_heading text=\u00a0\u00bbReconnaissance Trace Inc\u00a0\u00bb font_container=\u00a0\u00bbtag:h2|text_align:center|color:%23ffffff\u00a0\u00bb use_theme_fonts=\u00a0\u00bbyes\u00a0\u00bb link=\u00a0\u00bburl:https%3A%2F%2Fwww.reconnaissancegroup.com%2Ffr%2Fnos-entreprises%2Freconnaissance-trace-inc%2F|title:Reconnaissance%20Trace%20Inc\u00a0\u00bb][vc_column_text el_class=\u00a0\u00bbwhite-text\u00a0\u00bb]<\/p>\n<p style=\"text-align: center;\">Nous sommes un leader du d\u00e9veloppement de la r\u00e9silience organisationnelle et de l\u2019apprentissage pour nos clients aux \u00c9tats-Unis et aux Cara\u00efbes.<\/p>\n<p>[\/vc_column_text][vc_btn title=\u00a0\u00bbEn savoir plus\u00a0\u00bb style=\u00a0\u00bbflat\u00a0\u00bb size=\u00a0\u00bblg\u00a0\u00bb align=\u00a0\u00bbcenter\u00a0\u00bb link=\u00a0\u00bburl:https%3A%2F%2Fwww.reconnaissancegroup.com%2Ffr%2Fnos-entreprises%2Freconnaissance-trace-inc%2F|title:Reconnaissance%20Trace%20Inc\u00a0\u00bb][\/vc_column_inner][\/vc_row_inner][\/vc_column][\/vc_row]<\/p>\n<\/div>","protected":false},"excerpt":{"rendered":"<p>[vc_row][vc_column][vc_custom_heading text=\u00a0\u00bbNos Entreprises\u00a0\u00bb font_container=\u00a0\u00bbtag:h1|text_align:left\u00a0\u00bb use_theme_fonts=\u00a0\u00bbyes\u00a0\u00bb][vc_column_text]Depuis sa cr\u00e9ation en 2006, Reconnaissance Group fournit des services sp\u00e9cialis\u00e9s de s\u00e9curit\u00e9 et de gestion des risques \u00e0 des clients du monde entier. Les environnements [&hellip;]<\/p>\n","protected":false},"author":1,"featured_media":0,"parent":0,"menu_order":0,"comment_status":"closed","ping_status":"closed","template":"","meta":{"_acf_changed":false,"_genesis_hide_title":false,"_genesis_hide_breadcrumbs":false,"_genesis_hide_singular_image":false,"_genesis_hide_footer_widgets":false,"_genesis_custom_body_class":"","_genesis_custom_post_class":"","_genesis_layout":"","footnotes":""},"class_list":{"0":"post-2256","1":"page","2":"type-page","3":"status-publish","5":"entry"},"acf":[],"yoast_head":"<!-- This site is optimized with the Yoast SEO plugin v27.5 - https:\/\/yoast.com\/product\/yoast-seo-wordpress\/ -->\n<title>Nos Entreprises - Reconnaissance Group Security Solutions<\/title>\n<meta name=\"robots\" content=\"index, follow, max-snippet:-1, max-image-preview:large, max-video-preview:-1\" \/>\n<link rel=\"canonical\" href=\"https:\/\/www.reconnaissancegroup.com\/fr\/nos-entreprises\/\" \/>\n<meta property=\"og:locale\" content=\"fr_FR\" \/>\n<meta property=\"og:type\" content=\"article\" \/>\n<meta property=\"og:title\" content=\"Nos Entreprises - Reconnaissance Group Security Solutions\" \/>\n<meta property=\"og:description\" content=\"[vc_row][vc_column][vc_custom_heading text=\u00a0\u00bbNos Entreprises\u00a0\u00bb font_container=\u00a0\u00bbtag:h1|text_align:left\u00a0\u00bb use_theme_fonts=\u00a0\u00bbyes\u00a0\u00bb][vc_column_text]Depuis sa cr\u00e9ation en 2006, Reconnaissance Group fournit des services sp\u00e9cialis\u00e9s de s\u00e9curit\u00e9 et de gestion des risques \u00e0 des clients du monde entier. Les environnements [&hellip;]\" \/>\n<meta property=\"og:url\" content=\"https:\/\/www.reconnaissancegroup.com\/fr\/nos-entreprises\/\" \/>\n<meta property=\"og:site_name\" content=\"Reconnaissance Group Security Solutions\" \/>\n<meta property=\"article:modified_time\" content=\"2021-06-04T12:03:54+00:00\" \/>\n<meta name=\"twitter:card\" content=\"summary_large_image\" \/>\n<meta name=\"twitter:label1\" content=\"Dur\u00e9e de lecture estim\u00e9e\" \/>\n\t<meta name=\"twitter:data1\" content=\"2 minutes\" \/>\n<script type=\"application\/ld+json\" class=\"yoast-schema-graph\">{\"@context\":\"https:\\\/\\\/schema.org\",\"@graph\":[{\"@type\":\"WebPage\",\"@id\":\"https:\\\/\\\/www.reconnaissancegroup.com\\\/fr\\\/nos-entreprises\\\/\",\"url\":\"https:\\\/\\\/www.reconnaissancegroup.com\\\/fr\\\/nos-entreprises\\\/\",\"name\":\"Nos Entreprises - Reconnaissance Group Security Solutions\",\"isPartOf\":{\"@id\":\"https:\\\/\\\/www.reconnaissancegroup.com\\\/#website\"},\"datePublished\":\"2021-05-25T09:49:52+00:00\",\"dateModified\":\"2021-06-04T12:03:54+00:00\",\"breadcrumb\":{\"@id\":\"https:\\\/\\\/www.reconnaissancegroup.com\\\/fr\\\/nos-entreprises\\\/#breadcrumb\"},\"inLanguage\":\"fr-FR\",\"potentialAction\":[{\"@type\":\"ReadAction\",\"target\":[\"https:\\\/\\\/www.reconnaissancegroup.com\\\/fr\\\/nos-entreprises\\\/\"]}]},{\"@type\":\"BreadcrumbList\",\"@id\":\"https:\\\/\\\/www.reconnaissancegroup.com\\\/fr\\\/nos-entreprises\\\/#breadcrumb\",\"itemListElement\":[{\"@type\":\"ListItem\",\"position\":1,\"name\":\"Home\",\"item\":\"https:\\\/\\\/www.reconnaissancegroup.com\\\/fr\\\/\"},{\"@type\":\"ListItem\",\"position\":2,\"name\":\"Nos Entreprises\"}]},{\"@type\":\"WebSite\",\"@id\":\"https:\\\/\\\/www.reconnaissancegroup.com\\\/#website\",\"url\":\"https:\\\/\\\/www.reconnaissancegroup.com\\\/\",\"name\":\"Reconnaissance Group Security Solutions\",\"description\":\"Reconnaissance Group provides security services and solutions to enable our clients to operate normal business activities in abnormal business environments.\",\"publisher\":{\"@id\":\"https:\\\/\\\/www.reconnaissancegroup.com\\\/#organization\"},\"potentialAction\":[{\"@type\":\"SearchAction\",\"target\":{\"@type\":\"EntryPoint\",\"urlTemplate\":\"https:\\\/\\\/www.reconnaissancegroup.com\\\/?s={search_term_string}\"},\"query-input\":{\"@type\":\"PropertyValueSpecification\",\"valueRequired\":true,\"valueName\":\"search_term_string\"}}],\"inLanguage\":\"fr-FR\"},{\"@type\":\"Organization\",\"@id\":\"https:\\\/\\\/www.reconnaissancegroup.com\\\/#organization\",\"name\":\"Reconnaissance Group\",\"url\":\"https:\\\/\\\/www.reconnaissancegroup.com\\\/\",\"logo\":{\"@type\":\"ImageObject\",\"inLanguage\":\"fr-FR\",\"@id\":\"https:\\\/\\\/www.reconnaissancegroup.com\\\/#\\\/schema\\\/logo\\\/image\\\/\",\"url\":\"https:\\\/\\\/www.reconnaissancegroup.com\\\/wp-content\\\/uploads\\\/2018\\\/09\\\/reconn-logo-login.png\",\"contentUrl\":\"https:\\\/\\\/www.reconnaissancegroup.com\\\/wp-content\\\/uploads\\\/2018\\\/09\\\/reconn-logo-login.png\",\"width\":300,\"height\":80,\"caption\":\"Reconnaissance Group\"},\"image\":{\"@id\":\"https:\\\/\\\/www.reconnaissancegroup.com\\\/#\\\/schema\\\/logo\\\/image\\\/\"},\"sameAs\":[\"https:\\\/\\\/www.linkedin.com\\\/company\\\/reconnaissance-group?trk=tyah&amp;amp;ampampamptrkInfo=tarId1414572360952tasreconnaissanceidx3-2-7\"]}]}<\/script>\n<!-- \/ Yoast SEO plugin. -->","yoast_head_json":{"title":"Nos Entreprises - Reconnaissance Group Security Solutions","robots":{"index":"index","follow":"follow","max-snippet":"max-snippet:-1","max-image-preview":"max-image-preview:large","max-video-preview":"max-video-preview:-1"},"canonical":"https:\/\/www.reconnaissancegroup.com\/fr\/nos-entreprises\/","og_locale":"fr_FR","og_type":"article","og_title":"Nos Entreprises - Reconnaissance Group Security Solutions","og_description":"[vc_row][vc_column][vc_custom_heading text=\u00a0\u00bbNos Entreprises\u00a0\u00bb font_container=\u00a0\u00bbtag:h1|text_align:left\u00a0\u00bb use_theme_fonts=\u00a0\u00bbyes\u00a0\u00bb][vc_column_text]Depuis sa cr\u00e9ation en 2006, Reconnaissance Group fournit des services sp\u00e9cialis\u00e9s de s\u00e9curit\u00e9 et de gestion des risques \u00e0 des clients du monde entier. Les environnements [&hellip;]","og_url":"https:\/\/www.reconnaissancegroup.com\/fr\/nos-entreprises\/","og_site_name":"Reconnaissance Group Security Solutions","article_modified_time":"2021-06-04T12:03:54+00:00","twitter_card":"summary_large_image","twitter_misc":{"Dur\u00e9e de lecture estim\u00e9e":"2 minutes"},"schema":{"@context":"https:\/\/schema.org","@graph":[{"@type":"WebPage","@id":"https:\/\/www.reconnaissancegroup.com\/fr\/nos-entreprises\/","url":"https:\/\/www.reconnaissancegroup.com\/fr\/nos-entreprises\/","name":"Nos Entreprises - Reconnaissance Group Security Solutions","isPartOf":{"@id":"https:\/\/www.reconnaissancegroup.com\/#website"},"datePublished":"2021-05-25T09:49:52+00:00","dateModified":"2021-06-04T12:03:54+00:00","breadcrumb":{"@id":"https:\/\/www.reconnaissancegroup.com\/fr\/nos-entreprises\/#breadcrumb"},"inLanguage":"fr-FR","potentialAction":[{"@type":"ReadAction","target":["https:\/\/www.reconnaissancegroup.com\/fr\/nos-entreprises\/"]}]},{"@type":"BreadcrumbList","@id":"https:\/\/www.reconnaissancegroup.com\/fr\/nos-entreprises\/#breadcrumb","itemListElement":[{"@type":"ListItem","position":1,"name":"Home","item":"https:\/\/www.reconnaissancegroup.com\/fr\/"},{"@type":"ListItem","position":2,"name":"Nos Entreprises"}]},{"@type":"WebSite","@id":"https:\/\/www.reconnaissancegroup.com\/#website","url":"https:\/\/www.reconnaissancegroup.com\/","name":"Reconnaissance Group Security Solutions","description":"Reconnaissance Group provides security services and solutions to enable our clients to operate normal business activities in abnormal business environments.","publisher":{"@id":"https:\/\/www.reconnaissancegroup.com\/#organization"},"potentialAction":[{"@type":"SearchAction","target":{"@type":"EntryPoint","urlTemplate":"https:\/\/www.reconnaissancegroup.com\/?s={search_term_string}"},"query-input":{"@type":"PropertyValueSpecification","valueRequired":true,"valueName":"search_term_string"}}],"inLanguage":"fr-FR"},{"@type":"Organization","@id":"https:\/\/www.reconnaissancegroup.com\/#organization","name":"Reconnaissance Group","url":"https:\/\/www.reconnaissancegroup.com\/","logo":{"@type":"ImageObject","inLanguage":"fr-FR","@id":"https:\/\/www.reconnaissancegroup.com\/#\/schema\/logo\/image\/","url":"https:\/\/www.reconnaissancegroup.com\/wp-content\/uploads\/2018\/09\/reconn-logo-login.png","contentUrl":"https:\/\/www.reconnaissancegroup.com\/wp-content\/uploads\/2018\/09\/reconn-logo-login.png","width":300,"height":80,"caption":"Reconnaissance Group"},"image":{"@id":"https:\/\/www.reconnaissancegroup.com\/#\/schema\/logo\/image\/"},"sameAs":["https:\/\/www.linkedin.com\/company\/reconnaissance-group?trk=tyah&amp;amp;ampampamptrkInfo=tarId1414572360952tasreconnaissanceidx3-2-7"]}]}},"_links":{"self":[{"href":"https:\/\/www.reconnaissancegroup.com\/fr\/wp-json\/wp\/v2\/pages\/2256","targetHints":{"allow":["GET"]}}],"collection":[{"href":"https:\/\/www.reconnaissancegroup.com\/fr\/wp-json\/wp\/v2\/pages"}],"about":[{"href":"https:\/\/www.reconnaissancegroup.com\/fr\/wp-json\/wp\/v2\/types\/page"}],"author":[{"embeddable":true,"href":"https:\/\/www.reconnaissancegroup.com\/fr\/wp-json\/wp\/v2\/users\/1"}],"replies":[{"embeddable":true,"href":"https:\/\/www.reconnaissancegroup.com\/fr\/wp-json\/wp\/v2\/comments?post=2256"}],"version-history":[{"count":8,"href":"https:\/\/www.reconnaissancegroup.com\/fr\/wp-json\/wp\/v2\/pages\/2256\/revisions"}],"predecessor-version":[{"id":2356,"href":"https:\/\/www.reconnaissancegroup.com\/fr\/wp-json\/wp\/v2\/pages\/2256\/revisions\/2356"}],"wp:attachment":[{"href":"https:\/\/www.reconnaissancegroup.com\/fr\/wp-json\/wp\/v2\/media?parent=2256"}],"curies":[{"name":"wp","href":"https:\/\/api.w.org\/{rel}","templated":true}]}}