{"id":2252,"date":"2021-05-18T10:44:00","date_gmt":"2021-05-18T09:44:00","guid":{"rendered":"https:\/\/www.reconnaissancegroup.com\/?page_id=2252"},"modified":"2021-06-14T09:27:49","modified_gmt":"2021-06-14T08:27:49","slug":"reconnaissance-management-s-a","status":"publish","type":"page","link":"https:\/\/www.reconnaissancegroup.com\/fr\/nos-entreprises\/reconnaissance-management-s-a\/","title":{"rendered":"Reconnaissance Management S.A."},"content":{"rendered":"<div class=\"wpb-content-wrapper\"><p>[vc_row full_width=\u00a0\u00bbstretch_row\u00a0\u00bb css=\u00a0\u00bb.vc_custom_1617018141778{background-image: url(https:\/\/www.reconnaissancegroup.com\/wp-content\/uploads\/2021\/03\/RMS-Page-Cover-Fade-2.jpg?id=2182) !important;background-position: center !important;background-repeat: no-repeat !important;background-size: cover !important;}\u00a0\u00bb el_class=\u00a0\u00bbfull-hero\u00a0\u00bb][vc_column width=\u00a0\u00bb1\/2&Prime;][vc_empty_space height=\u00a0\u00bb100px\u00a0\u00bb][vc_custom_heading text=\u00a0\u00bbReconnaissance Management S.A.\u00a0\u00bb font_container=\u00a0\u00bbtag:h1|text_align:left|color:%23ffffff\u00a0\u00bb use_theme_fonts=\u00a0\u00bbyes\u00a0\u00bb][vc_column_text el_class=\u00a0\u00bbwhite-text\u00a0\u00bb]Au cours des 15 derni\u00e8res ann\u00e9es, Reconnaissance a acquis une exp\u00e9rience hors pair dans certains environnements qui comptent parmi les plus exigeants au monde.[\/vc_column_text][\/vc_column][vc_column width=\u00a0\u00bb1\/2&Prime;][\/vc_column][\/vc_row][vc_row][vc_column][vc_custom_heading text=\u00a0\u00bbServices de s\u00e9curit\u00e9\u00a0\u00bb font_container=\u00a0\u00bbtag:h2|text_align:center\u00a0\u00bb use_theme_fonts=\u00a0\u00bbyes\u00a0\u00bb][vc_row_inner css=\u00a0\u00bb.vc_custom_1538048290560{padding-top: 0px !important;padding-bottom: 0px !important;}\u00a0\u00bb][vc_column_inner width=\u00a0\u00bb1\/2&Prime;][vc_custom_heading text=\u00a0\u00bbNotre \u00e9quipe exp\u00e9riment\u00e9e est capable de mener des \u00e9valuations approfondies des risques sur place et pour l&rsquo;environnement et de fournir un rapport complet sur les risques actuels ainsi que des recommandations.\u00a0\u00bb font_container=\u00a0\u00bbtag:h4|text_align:right\u00a0\u00bb use_theme_fonts=\u00a0\u00bbyes\u00a0\u00bb css=\u00a0\u00bb.vc_custom_1619695742917{margin-top: 0px !important;}\u00a0\u00bb el_class=\u00a0\u00bbcenter-on-mobile\u00a0\u00bb][\/vc_column_inner][vc_column_inner width=\u00a0\u00bb1\/2&Prime;][vc_column_text]Notre offre de services comprend notamment les \u00e9l\u00e9ments suivants<\/p>\n<ul>\n<li>Protection rapproch\u00e9e<\/li>\n<li>Conseils en s\u00e9curit\u00e9<\/li>\n<li>S\u00e9curit\u00e9 int\u00e9gr\u00e9e<\/li>\n<li>Protection des installations<\/li>\n<li>Audit de s\u00e9curit\u00e9 et \u00e9valuation des risques<\/li>\n<li>Reprise apr\u00e8s sinistre<\/li>\n<\/ul>\n<p>[\/vc_column_text][vc_btn title=\u00a0\u00bbEn Savoir Plus\u00a0\u00bb size=\u00a0\u00bblg\u00a0\u00bb link=\u00a0\u00bburl:https%3A%2F%2Fwww.reconnaissancegroup.com%2Ffr%2Fetude-de-cas%2Fla-securite-preventive%2F|title:La%20s%C3%A9curit%C3%A9%20pr%C3%A9ventive\u00a0\u00bb][\/vc_column_inner][\/vc_row_inner][\/vc_column][\/vc_row][vc_row full_width=\u00a0\u00bbstretch_row\u00a0\u00bb css_animation=\u00a0\u00bbslideInUp\u00a0\u00bb bg_top_mobile=\u00a0\u00bbyes\u00a0\u00bb css=\u00a0\u00bb.vc_custom_1540382456569{background-image: url(https:\/\/www.reconnaissancegroup.com\/wp-content\/uploads\/2018\/09\/safety-training-background-02.jpg?id=1262) !important;background-position: center !important;background-repeat: no-repeat !important;background-size: cover !important;}\u00a0\u00bb][vc_column width=\u00a0\u00bb1\/2&Prime;][vc_custom_heading text=\u00a0\u00bbGestion de la flotte\u00a0\u00bb use_theme_fonts=\u00a0\u00bbyes\u00a0\u00bb][vc_column_text]Notre plateforme GPS de pointe offre \u00e0 nos clients le meilleur logiciel de sa cat\u00e9gorie, leur fournissant des donn\u00e9es en direct pour soutenir la prise de d\u00e9cision en temps r\u00e9el.<\/p>\n<ul>\n<li>Trafic en direct via Google Maps<\/li>\n<li>Cr\u00e9ation de GeoFence<\/li>\n<li>Alertes compl\u00e8tes<\/li>\n<li>Options de notification push : e-mail et SMS<\/li>\n<li>Application mobile compatible IOS et Android<\/li>\n<li>Options de formation \u00e0 la demande et en personne<\/li>\n<\/ul>\n<p>[\/vc_column_text][vc_btn title=\u00a0\u00bbEn Savoir Plus\u00a0\u00bb size=\u00a0\u00bblg\u00a0\u00bb link=\u00a0\u00bburl:https%3A%2F%2Fwww.reconnaissancegroup.com%2Ffr%2Fetude-de-cas%2Fle-suivi-des-biens%2F|title:Le%20suivi%20des%20biens\u00a0\u00bb][\/vc_column][vc_column width=\u00a0\u00bb1\/2&Prime;][\/vc_column][\/vc_row][vc_row full_width=\u00a0\u00bbstretch_row\u00a0\u00bb css_animation=\u00a0\u00bbslideInUp\u00a0\u00bb bg_top_mobile=\u00a0\u00bbyes\u00a0\u00bb css=\u00a0\u00bb.vc_custom_1617105320265{background-image: url(https:\/\/www.reconnaissancegroup.com\/wp-content\/uploads\/2021\/03\/coffee-break-1177540_1920.jpeg?id=2202) !important;background-position: center !important;background-repeat: no-repeat !important;background-size: cover !important;}\u00a0\u00bb][vc_column width=\u00a0\u00bb1\/2&Prime;][\/vc_column][vc_column width=\u00a0\u00bb1\/2&Prime;][vc_custom_heading text=\u00a0\u00bbFormation en mati\u00e8re de s\u00e9curit\u00e9\u00a0\u00bb font_container=\u00a0\u00bbtag:h2|text_align:left|color:%23ffffff\u00a0\u00bb use_theme_fonts=\u00a0\u00bbyes\u00a0\u00bb][vc_column_text el_class=\u00a0\u00bbwhite-text\u00a0\u00bb]Notre \u00e9quipe de sp\u00e9cialistes en mati\u00e8re de s\u00e9curit\u00e9 fournit une formation compl\u00e8te en mati\u00e8re de s\u00e9curit\u00e9 adapt\u00e9e \u00e0 tous les niveaux de l&rsquo;organisation. Cette formation peut \u00eatre adapt\u00e9e aux besoins et aux exigences sectorielles du client, mais elle comprendra au minimum les \u00e9l\u00e9ments suivants :<\/p>\n<ul>\n<li>S\u00e9curit\u00e9 des locaux<\/li>\n<li>S\u00e9curit\u00e9 des dispositifs et des donn\u00e9es<\/li>\n<li>Formation de sensibilisation \u00e0 la s\u00e9curit\u00e9<\/li>\n<li>Pr\u00e9vention des vols et des pertes<\/li>\n<li>Politiques et meilleures pratiques<\/li>\n<\/ul>\n<p>[\/vc_column_text][vc_btn title=\u00a0\u00bbContactez notre \u00e9quipe\u00a0\u00bb link=\u00a0\u00bburl:https%3A%2F%2Fwww.reconnaissancegroup.com%2Ffr%2Fcontact%2F|title:Contact\u00a0\u00bb][\/vc_column][\/vc_row]<\/p>\n<\/div>","protected":false},"excerpt":{"rendered":"<p>[vc_row full_width=\u00a0\u00bbstretch_row\u00a0\u00bb css=\u00a0\u00bb.vc_custom_1617018141778{background-image: url(https:\/\/www.reconnaissancegroup.com\/wp-content\/uploads\/2021\/03\/RMS-Page-Cover-Fade-2.jpg?id=2182) !important;background-position: center !important;background-repeat: no-repeat !important;background-size: cover !important;}\u00a0\u00bb el_class=\u00a0\u00bbfull-hero\u00a0\u00bb][vc_column width=\u00a0\u00bb1\/2&Prime;][vc_empty_space height=\u00a0\u00bb100px\u00a0\u00bb][vc_custom_heading text=\u00a0\u00bbReconnaissance Management S.A.\u00a0\u00bb font_container=\u00a0\u00bbtag:h1|text_align:left|color:%23ffffff\u00a0\u00bb use_theme_fonts=\u00a0\u00bbyes\u00a0\u00bb][vc_column_text el_class=\u00a0\u00bbwhite-text\u00a0\u00bb]Au cours des 15 derni\u00e8res ann\u00e9es, Reconnaissance a acquis une exp\u00e9rience [&hellip;]<\/p>\n","protected":false},"author":5,"featured_media":0,"parent":2256,"menu_order":0,"comment_status":"closed","ping_status":"closed","template":"","meta":{"_acf_changed":false,"_genesis_hide_title":false,"_genesis_hide_breadcrumbs":false,"_genesis_hide_singular_image":false,"_genesis_hide_footer_widgets":false,"_genesis_custom_body_class":"","_genesis_custom_post_class":"","_genesis_layout":"","footnotes":""},"class_list":{"0":"post-2252","1":"page","2":"type-page","3":"status-publish","5":"entry"},"acf":[],"yoast_head":"<!-- This site is optimized with the Yoast SEO plugin v27.1.1 - https:\/\/yoast.com\/product\/yoast-seo-wordpress\/ -->\n<title>Reconnaissance Management S.A. - Reconnaissance Group Security Solutions<\/title>\n<meta name=\"robots\" content=\"index, follow, max-snippet:-1, max-image-preview:large, max-video-preview:-1\" \/>\n<link rel=\"canonical\" href=\"https:\/\/www.reconnaissancegroup.com\/fr\/nos-entreprises\/reconnaissance-management-s-a\/\" \/>\n<meta property=\"og:locale\" content=\"fr_FR\" \/>\n<meta property=\"og:type\" content=\"article\" \/>\n<meta property=\"og:title\" content=\"Reconnaissance Management S.A. - Reconnaissance Group Security Solutions\" \/>\n<meta property=\"og:description\" content=\"[vc_row full_width=\u00a0\u00bbstretch_row\u00a0\u00bb css=\u00a0\u00bb.vc_custom_1617018141778{background-image: url(https:\/\/www.reconnaissancegroup.com\/wp-content\/uploads\/2021\/03\/RMS-Page-Cover-Fade-2.jpg?id=2182) !important;background-position: center !important;background-repeat: no-repeat !important;background-size: cover !important;}\u00a0\u00bb el_class=\u00a0\u00bbfull-hero\u00a0\u00bb][vc_column width=\u00a0\u00bb1\/2&Prime;][vc_empty_space height=\u00a0\u00bb100px\u00a0\u00bb][vc_custom_heading text=\u00a0\u00bbReconnaissance Management S.A.\u00a0\u00bb font_container=\u00a0\u00bbtag:h1|text_align:left|color:%23ffffff\u00a0\u00bb use_theme_fonts=\u00a0\u00bbyes\u00a0\u00bb][vc_column_text el_class=\u00a0\u00bbwhite-text\u00a0\u00bb]Au cours des 15 derni\u00e8res ann\u00e9es, Reconnaissance a acquis une exp\u00e9rience [&hellip;]\" \/>\n<meta property=\"og:url\" content=\"https:\/\/www.reconnaissancegroup.com\/fr\/nos-entreprises\/reconnaissance-management-s-a\/\" \/>\n<meta property=\"og:site_name\" content=\"Reconnaissance Group Security Solutions\" \/>\n<meta property=\"article:modified_time\" content=\"2021-06-14T08:27:49+00:00\" \/>\n<meta name=\"twitter:card\" content=\"summary_large_image\" \/>\n<meta name=\"twitter:label1\" content=\"Dur\u00e9e de lecture estim\u00e9e\" \/>\n\t<meta name=\"twitter:data1\" content=\"2 minutes\" \/>\n<script type=\"application\/ld+json\" class=\"yoast-schema-graph\">{\"@context\":\"https:\/\/schema.org\",\"@graph\":[{\"@type\":\"WebPage\",\"@id\":\"https:\/\/www.reconnaissancegroup.com\/fr\/nos-entreprises\/reconnaissance-management-s-a\/\",\"url\":\"https:\/\/www.reconnaissancegroup.com\/fr\/nos-entreprises\/reconnaissance-management-s-a\/\",\"name\":\"Reconnaissance Management S.A. - Reconnaissance Group Security Solutions\",\"isPartOf\":{\"@id\":\"https:\/\/www.reconnaissancegroup.com\/#website\"},\"datePublished\":\"2021-05-18T09:44:00+00:00\",\"dateModified\":\"2021-06-14T08:27:49+00:00\",\"breadcrumb\":{\"@id\":\"https:\/\/www.reconnaissancegroup.com\/fr\/nos-entreprises\/reconnaissance-management-s-a\/#breadcrumb\"},\"inLanguage\":\"fr-FR\",\"potentialAction\":[{\"@type\":\"ReadAction\",\"target\":[\"https:\/\/www.reconnaissancegroup.com\/fr\/nos-entreprises\/reconnaissance-management-s-a\/\"]}]},{\"@type\":\"BreadcrumbList\",\"@id\":\"https:\/\/www.reconnaissancegroup.com\/fr\/nos-entreprises\/reconnaissance-management-s-a\/#breadcrumb\",\"itemListElement\":[{\"@type\":\"ListItem\",\"position\":1,\"name\":\"Home\",\"item\":\"https:\/\/www.reconnaissancegroup.com\/fr\/\"},{\"@type\":\"ListItem\",\"position\":2,\"name\":\"Nos Entreprises\",\"item\":\"https:\/\/www.reconnaissancegroup.com\/fr\/nos-entreprises\/\"},{\"@type\":\"ListItem\",\"position\":3,\"name\":\"Reconnaissance Management S.A.\"}]},{\"@type\":\"WebSite\",\"@id\":\"https:\/\/www.reconnaissancegroup.com\/#website\",\"url\":\"https:\/\/www.reconnaissancegroup.com\/\",\"name\":\"Reconnaissance Group Security Solutions\",\"description\":\"Reconnaissance Group provides security services and solutions to enable our clients to operate normal business activities in abnormal business environments.\",\"publisher\":{\"@id\":\"https:\/\/www.reconnaissancegroup.com\/#organization\"},\"potentialAction\":[{\"@type\":\"SearchAction\",\"target\":{\"@type\":\"EntryPoint\",\"urlTemplate\":\"https:\/\/www.reconnaissancegroup.com\/?s={search_term_string}\"},\"query-input\":{\"@type\":\"PropertyValueSpecification\",\"valueRequired\":true,\"valueName\":\"search_term_string\"}}],\"inLanguage\":\"fr-FR\"},{\"@type\":\"Organization\",\"@id\":\"https:\/\/www.reconnaissancegroup.com\/#organization\",\"name\":\"Reconnaissance Group\",\"url\":\"https:\/\/www.reconnaissancegroup.com\/\",\"logo\":{\"@type\":\"ImageObject\",\"inLanguage\":\"fr-FR\",\"@id\":\"https:\/\/www.reconnaissancegroup.com\/#\/schema\/logo\/image\/\",\"url\":\"https:\/\/www.reconnaissancegroup.com\/wp-content\/uploads\/2018\/09\/reconn-logo-login.png\",\"contentUrl\":\"https:\/\/www.reconnaissancegroup.com\/wp-content\/uploads\/2018\/09\/reconn-logo-login.png\",\"width\":300,\"height\":80,\"caption\":\"Reconnaissance Group\"},\"image\":{\"@id\":\"https:\/\/www.reconnaissancegroup.com\/#\/schema\/logo\/image\/\"},\"sameAs\":[\"https:\/\/www.linkedin.com\/company\/reconnaissance-group?trk=tyah&amp;amp;ampampamptrkInfo=tarId1414572360952tasreconnaissanceidx3-2-7\"]}]}<\/script>\n<!-- \/ Yoast SEO plugin. -->","yoast_head_json":{"title":"Reconnaissance Management S.A. - Reconnaissance Group Security Solutions","robots":{"index":"index","follow":"follow","max-snippet":"max-snippet:-1","max-image-preview":"max-image-preview:large","max-video-preview":"max-video-preview:-1"},"canonical":"https:\/\/www.reconnaissancegroup.com\/fr\/nos-entreprises\/reconnaissance-management-s-a\/","og_locale":"fr_FR","og_type":"article","og_title":"Reconnaissance Management S.A. - Reconnaissance Group Security Solutions","og_description":"[vc_row full_width=\u00a0\u00bbstretch_row\u00a0\u00bb css=\u00a0\u00bb.vc_custom_1617018141778{background-image: url(https:\/\/www.reconnaissancegroup.com\/wp-content\/uploads\/2021\/03\/RMS-Page-Cover-Fade-2.jpg?id=2182) !important;background-position: center !important;background-repeat: no-repeat !important;background-size: cover !important;}\u00a0\u00bb el_class=\u00a0\u00bbfull-hero\u00a0\u00bb][vc_column width=\u00a0\u00bb1\/2&Prime;][vc_empty_space height=\u00a0\u00bb100px\u00a0\u00bb][vc_custom_heading text=\u00a0\u00bbReconnaissance Management S.A.\u00a0\u00bb font_container=\u00a0\u00bbtag:h1|text_align:left|color:%23ffffff\u00a0\u00bb use_theme_fonts=\u00a0\u00bbyes\u00a0\u00bb][vc_column_text el_class=\u00a0\u00bbwhite-text\u00a0\u00bb]Au cours des 15 derni\u00e8res ann\u00e9es, Reconnaissance a acquis une exp\u00e9rience [&hellip;]","og_url":"https:\/\/www.reconnaissancegroup.com\/fr\/nos-entreprises\/reconnaissance-management-s-a\/","og_site_name":"Reconnaissance Group Security Solutions","article_modified_time":"2021-06-14T08:27:49+00:00","twitter_card":"summary_large_image","twitter_misc":{"Dur\u00e9e de lecture estim\u00e9e":"2 minutes"},"schema":{"@context":"https:\/\/schema.org","@graph":[{"@type":"WebPage","@id":"https:\/\/www.reconnaissancegroup.com\/fr\/nos-entreprises\/reconnaissance-management-s-a\/","url":"https:\/\/www.reconnaissancegroup.com\/fr\/nos-entreprises\/reconnaissance-management-s-a\/","name":"Reconnaissance Management S.A. - Reconnaissance Group Security Solutions","isPartOf":{"@id":"https:\/\/www.reconnaissancegroup.com\/#website"},"datePublished":"2021-05-18T09:44:00+00:00","dateModified":"2021-06-14T08:27:49+00:00","breadcrumb":{"@id":"https:\/\/www.reconnaissancegroup.com\/fr\/nos-entreprises\/reconnaissance-management-s-a\/#breadcrumb"},"inLanguage":"fr-FR","potentialAction":[{"@type":"ReadAction","target":["https:\/\/www.reconnaissancegroup.com\/fr\/nos-entreprises\/reconnaissance-management-s-a\/"]}]},{"@type":"BreadcrumbList","@id":"https:\/\/www.reconnaissancegroup.com\/fr\/nos-entreprises\/reconnaissance-management-s-a\/#breadcrumb","itemListElement":[{"@type":"ListItem","position":1,"name":"Home","item":"https:\/\/www.reconnaissancegroup.com\/fr\/"},{"@type":"ListItem","position":2,"name":"Nos Entreprises","item":"https:\/\/www.reconnaissancegroup.com\/fr\/nos-entreprises\/"},{"@type":"ListItem","position":3,"name":"Reconnaissance Management S.A."}]},{"@type":"WebSite","@id":"https:\/\/www.reconnaissancegroup.com\/#website","url":"https:\/\/www.reconnaissancegroup.com\/","name":"Reconnaissance Group Security Solutions","description":"Reconnaissance Group provides security services and solutions to enable our clients to operate normal business activities in abnormal business environments.","publisher":{"@id":"https:\/\/www.reconnaissancegroup.com\/#organization"},"potentialAction":[{"@type":"SearchAction","target":{"@type":"EntryPoint","urlTemplate":"https:\/\/www.reconnaissancegroup.com\/?s={search_term_string}"},"query-input":{"@type":"PropertyValueSpecification","valueRequired":true,"valueName":"search_term_string"}}],"inLanguage":"fr-FR"},{"@type":"Organization","@id":"https:\/\/www.reconnaissancegroup.com\/#organization","name":"Reconnaissance Group","url":"https:\/\/www.reconnaissancegroup.com\/","logo":{"@type":"ImageObject","inLanguage":"fr-FR","@id":"https:\/\/www.reconnaissancegroup.com\/#\/schema\/logo\/image\/","url":"https:\/\/www.reconnaissancegroup.com\/wp-content\/uploads\/2018\/09\/reconn-logo-login.png","contentUrl":"https:\/\/www.reconnaissancegroup.com\/wp-content\/uploads\/2018\/09\/reconn-logo-login.png","width":300,"height":80,"caption":"Reconnaissance Group"},"image":{"@id":"https:\/\/www.reconnaissancegroup.com\/#\/schema\/logo\/image\/"},"sameAs":["https:\/\/www.linkedin.com\/company\/reconnaissance-group?trk=tyah&amp;amp;ampampamptrkInfo=tarId1414572360952tasreconnaissanceidx3-2-7"]}]}},"_links":{"self":[{"href":"https:\/\/www.reconnaissancegroup.com\/fr\/wp-json\/wp\/v2\/pages\/2252","targetHints":{"allow":["GET"]}}],"collection":[{"href":"https:\/\/www.reconnaissancegroup.com\/fr\/wp-json\/wp\/v2\/pages"}],"about":[{"href":"https:\/\/www.reconnaissancegroup.com\/fr\/wp-json\/wp\/v2\/types\/page"}],"author":[{"embeddable":true,"href":"https:\/\/www.reconnaissancegroup.com\/fr\/wp-json\/wp\/v2\/users\/5"}],"replies":[{"embeddable":true,"href":"https:\/\/www.reconnaissancegroup.com\/fr\/wp-json\/wp\/v2\/comments?post=2252"}],"version-history":[{"count":5,"href":"https:\/\/www.reconnaissancegroup.com\/fr\/wp-json\/wp\/v2\/pages\/2252\/revisions"}],"predecessor-version":[{"id":2370,"href":"https:\/\/www.reconnaissancegroup.com\/fr\/wp-json\/wp\/v2\/pages\/2252\/revisions\/2370"}],"up":[{"embeddable":true,"href":"https:\/\/www.reconnaissancegroup.com\/fr\/wp-json\/wp\/v2\/pages\/2256"}],"wp:attachment":[{"href":"https:\/\/www.reconnaissancegroup.com\/fr\/wp-json\/wp\/v2\/media?parent=2252"}],"curies":[{"name":"wp","href":"https:\/\/api.w.org\/{rel}","templated":true}]}}