{"id":2247,"date":"2021-05-19T11:02:32","date_gmt":"2021-05-19T10:02:32","guid":{"rendered":"https:\/\/www.reconnaissancegroup.com\/?page_id=2247"},"modified":"2021-06-14T09:21:34","modified_gmt":"2021-06-14T08:21:34","slug":"reconnaissance-trace-inc","status":"publish","type":"page","link":"https:\/\/www.reconnaissancegroup.com\/fr\/nos-entreprises\/reconnaissance-trace-inc\/","title":{"rendered":"Reconnaissance Trace Inc"},"content":{"rendered":"<div class=\"wpb-content-wrapper\"><p>[vc_row full_width=\u00a0\u00bbstretch_row\u00a0\u00bb css=\u00a0\u00bb.vc_custom_1620977595961{background-image: url(https:\/\/www.reconnaissancegroup.com\/wp-content\/uploads\/2021\/05\/RTI-NYHeader.jpeg?id=2227) !important;background-position: center !important;background-repeat: no-repeat !important;background-size: cover !important;}\u00a0\u00bb el_class=\u00a0\u00bbfull-hero\u00a0\u00bb][vc_column width=\u00a0\u00bb1\/2&Prime;][vc_empty_space height=\u00a0\u00bb100px\u00a0\u00bb][vc_custom_heading text=\u00a0\u00bbReconnaissance Trace Inc\u00a0\u00bb font_container=\u00a0\u00bbtag:h1|text_align:left|color:%23ffffff\u00a0\u00bb use_theme_fonts=\u00a0\u00bbyes\u00a0\u00bb][vc_column_text el_class=\u00a0\u00bbwhite-text\u00a0\u00bb]Nous sommes un leader du d\u00e9veloppement de la r\u00e9silience organisationnelle et de l\u2019apprentissage pour nos clients aux \u00c9tats-Unis et aux Cara\u00efbes.[\/vc_column_text][\/vc_column][vc_column width=\u00a0\u00bb1\/2&Prime;][\/vc_column][\/vc_row][vc_row][vc_column][vc_custom_heading text=\u00a0\u00bbConseil en r\u00e9silience organisationnelle\u00a0\u00bb font_container=\u00a0\u00bbtag:h2|text_align:center\u00a0\u00bb use_theme_fonts=\u00a0\u00bbyes\u00a0\u00bb][vc_row_inner css=\u00a0\u00bb.vc_custom_1538048290560{padding-top: 0px !important;padding-bottom: 0px !important;}\u00a0\u00bb][vc_column_inner width=\u00a0\u00bb2\/5&Prime;][vc_custom_heading text=\u00a0\u00bbD\u00e9velopper la r\u00e9silience permet aux organisations d&rsquo;exploiter lla rentabilit\u00e9 dans les moments d&rsquo;adversit\u00e9.\u00a0\u00bb font_container=\u00a0\u00bbtag:h4|text_align:right\u00a0\u00bb use_theme_fonts=\u00a0\u00bbyes\u00a0\u00bb css=\u00a0\u00bb.vc_custom_1622122224683{margin-top: 0px !important;}\u00a0\u00bb el_class=\u00a0\u00bbcenter-on-mobile\u00a0\u00bb][\/vc_column_inner][vc_column_inner width=\u00a0\u00bb3\/5&Prime;][vc_column_text]Le monde est devenu un environnement de plus en plus volatile, incertain, complexe et ambigu pour les entreprises. Ce nouvel environnement op\u00e9rationnel peut cr\u00e9er des d\u00e9fis complexes pour les entreprises, avec un impact potentiel sur le personnel, la marque et les revenus. Chez Reconnaissance Trace, nous travaillons en \u00e9troite collaboration avec nos clients pour d\u00e9velopper des strat\u00e9gies visant \u00e0 renforcer la r\u00e9silience organisationnelle afin de s\u2019adapter et d\u2019amortir les perturbations, tout en cr\u00e9ant un environnement innovant pour exploiter les possibilit\u00e9s.[\/vc_column_text][vc_btn title=\u00a0\u00bbEn Savoir Plus\u00a0\u00bb size=\u00a0\u00bblg\u00a0\u00bb link=\u00a0\u00bburl:https%3A%2F%2Fwww.reconnaissancegroup.com%2Ffr%2Fetude-de-cas%2Fla-mise-a-lepreuve-de-la-continuite%2F|title:La%20mise%20%C3%A0%20l%E2%80%99%C3%A9preuve%20de%20la%20continuit%C3%A9&Prime;][\/vc_column_inner][\/vc_row_inner][\/vc_column][\/vc_row][vc_row full_width=\u00a0\u00bbstretch_row\u00a0\u00bb css_animation=\u00a0\u00bbslideInUp\u00a0\u00bb bg_top_mobile=\u00a0\u00bbyes\u00a0\u00bb css=\u00a0\u00bb.vc_custom_1620977449244{background-image: url(https:\/\/www.reconnaissancegroup.com\/wp-content\/uploads\/2021\/05\/RTI_Training_fade.jpeg?id=2232) !important;background-position: center !important;background-repeat: no-repeat !important;background-size: cover !important;}\u00a0\u00bb][vc_column width=\u00a0\u00bb3\/5&Prime;][vc_custom_heading text=\u00a0\u00bbFormation \u00e0 la r\u00e9silience\u00a0\u00bb use_theme_fonts=\u00a0\u00bbyes\u00a0\u00bb][vc_column_text]La culture organisationnelle est un \u00e9l\u00e9ment fondamental pour r\u00e9ussir \u00e0 amortir l\u2019impact d\u2019une perturbation ou d\u2019une crise. Nous \u0153uvrons avec nos clients pour perfectionner leurs processus d\u2019apprentissage au sein de l\u2019entreprise, en d\u00e9veloppant des solutions de formation adapt\u00e9es \u00e0 leurs besoins. \u00c0 diff\u00e9rents niveaux de l\u2019entreprise, ce sont les personnes qui dirigent la r\u00e9ponse \u00e0 une perturbation ou une crise, et ce sont ces personnes qui b\u00e9n\u00e9ficieront le plus d\u2019un processus d\u2019apprentissage solide et adaptatif au sein de la culture organisationnelle.[\/vc_column_text][vc_btn title=\u00a0\u00bb Contactez notre \u00e9quipe\u00a0\u00bb size=\u00a0\u00bblg\u00a0\u00bb link=\u00a0\u00bburl:https%3A%2F%2Fwww.reconnaissancegroup.com%2Ffr%2Fcontact%2F|title:Contact\u00a0\u00bb][\/vc_column][vc_column width=\u00a0\u00bb2\/5&Prime;][\/vc_column][\/vc_row][vc_row full_width=\u00a0\u00bbstretch_row\u00a0\u00bb css_animation=\u00a0\u00bbslideInUp\u00a0\u00bb disable_element=\u00a0\u00bbyes\u00a0\u00bb bg_top_mobile=\u00a0\u00bbyes\u00a0\u00bb css=\u00a0\u00bb.vc_custom_1539957453642{padding-top: 60px !important;padding-bottom: 60px !important;background-image: url(https:\/\/www.reconnaissancegroup.com\/wp-content\/uploads\/2018\/09\/safety-training-background-02.jpg?id=1262) !important;background-position: center !important;background-repeat: no-repeat !important;background-size: cover !important;}\u00a0\u00bb][vc_column width=\u00a0\u00bb3\/5&Prime;][vc_custom_heading text=\u00a0\u00bbSafety Training\u00a0\u00bb use_theme_fonts=\u00a0\u00bbyes\u00a0\u00bb][vc_column_text]Our professional and personal lives are navigated through software and apps, but the digital age also comes with risk. This can be seen in the rise of the internet, data sharing and data loss. If we continue to take small steps forward, albeit innovative steps, over time, we look back and realise we\u2019ve come further than expected, and faster than we\u2019d planned for.<\/p>\n<p>Ongoing Training in topics that protect our employees by empowering them to make safe choices both in their physical working environment and digitally, can reduce short and long term risk for all stakeholders.[\/vc_column_text][vc_btn title=\u00a0\u00bbRead Case Study\u00a0\u00bb size=\u00a0\u00bblg\u00a0\u00bb link=\u00a0\u00bburl:https%3A%2F%2Fwww.reconnaissancegroup.com%2Fcase-study%2Foccupational-health-and-safety%2F|||\u00a0\u00bb][\/vc_column][vc_column width=\u00a0\u00bb2\/5&Prime;][\/vc_column][\/vc_row]<\/p>\n<\/div>","protected":false},"excerpt":{"rendered":"<p>[vc_row full_width=\u00a0\u00bbstretch_row\u00a0\u00bb css=\u00a0\u00bb.vc_custom_1620977595961{background-image: url(https:\/\/www.reconnaissancegroup.com\/wp-content\/uploads\/2021\/05\/RTI-NYHeader.jpeg?id=2227) !important;background-position: center !important;background-repeat: no-repeat !important;background-size: cover !important;}\u00a0\u00bb el_class=\u00a0\u00bbfull-hero\u00a0\u00bb][vc_column width=\u00a0\u00bb1\/2&Prime;][vc_empty_space height=\u00a0\u00bb100px\u00a0\u00bb][vc_custom_heading text=\u00a0\u00bbReconnaissance Trace Inc\u00a0\u00bb font_container=\u00a0\u00bbtag:h1|text_align:left|color:%23ffffff\u00a0\u00bb use_theme_fonts=\u00a0\u00bbyes\u00a0\u00bb][vc_column_text el_class=\u00a0\u00bbwhite-text\u00a0\u00bb]Nous sommes un leader du d\u00e9veloppement de la r\u00e9silience organisationnelle et [&hellip;]<\/p>\n","protected":false},"author":5,"featured_media":0,"parent":2256,"menu_order":0,"comment_status":"closed","ping_status":"closed","template":"","meta":{"_acf_changed":false,"_genesis_hide_title":false,"_genesis_hide_breadcrumbs":false,"_genesis_hide_singular_image":false,"_genesis_hide_footer_widgets":false,"_genesis_custom_body_class":"","_genesis_custom_post_class":"","_genesis_layout":"","footnotes":""},"class_list":{"0":"post-2247","1":"page","2":"type-page","3":"status-publish","5":"entry"},"acf":[],"yoast_head":"<!-- This site is optimized with the Yoast SEO plugin v27.1.1 - https:\/\/yoast.com\/product\/yoast-seo-wordpress\/ -->\n<title>Reconnaissance Trace Inc - Reconnaissance Group Security Solutions<\/title>\n<meta name=\"robots\" content=\"index, follow, max-snippet:-1, max-image-preview:large, max-video-preview:-1\" \/>\n<link rel=\"canonical\" href=\"https:\/\/www.reconnaissancegroup.com\/fr\/nos-entreprises\/reconnaissance-trace-inc\/\" \/>\n<meta property=\"og:locale\" content=\"fr_FR\" \/>\n<meta property=\"og:type\" content=\"article\" \/>\n<meta property=\"og:title\" content=\"Reconnaissance Trace Inc - Reconnaissance Group Security Solutions\" \/>\n<meta property=\"og:description\" content=\"[vc_row full_width=\u00a0\u00bbstretch_row\u00a0\u00bb css=\u00a0\u00bb.vc_custom_1620977595961{background-image: url(https:\/\/www.reconnaissancegroup.com\/wp-content\/uploads\/2021\/05\/RTI-NYHeader.jpeg?id=2227) !important;background-position: center !important;background-repeat: no-repeat !important;background-size: cover !important;}\u00a0\u00bb el_class=\u00a0\u00bbfull-hero\u00a0\u00bb][vc_column width=\u00a0\u00bb1\/2&Prime;][vc_empty_space height=\u00a0\u00bb100px\u00a0\u00bb][vc_custom_heading text=\u00a0\u00bbReconnaissance Trace Inc\u00a0\u00bb font_container=\u00a0\u00bbtag:h1|text_align:left|color:%23ffffff\u00a0\u00bb use_theme_fonts=\u00a0\u00bbyes\u00a0\u00bb][vc_column_text el_class=\u00a0\u00bbwhite-text\u00a0\u00bb]Nous sommes un leader du d\u00e9veloppement de la r\u00e9silience organisationnelle et [&hellip;]\" \/>\n<meta property=\"og:url\" content=\"https:\/\/www.reconnaissancegroup.com\/fr\/nos-entreprises\/reconnaissance-trace-inc\/\" \/>\n<meta property=\"og:site_name\" content=\"Reconnaissance Group Security Solutions\" \/>\n<meta property=\"article:modified_time\" content=\"2021-06-14T08:21:34+00:00\" \/>\n<meta name=\"twitter:card\" content=\"summary_large_image\" \/>\n<meta name=\"twitter:label1\" content=\"Dur\u00e9e de lecture estim\u00e9e\" \/>\n\t<meta name=\"twitter:data1\" content=\"2 minutes\" \/>\n<script type=\"application\/ld+json\" class=\"yoast-schema-graph\">{\"@context\":\"https:\/\/schema.org\",\"@graph\":[{\"@type\":\"WebPage\",\"@id\":\"https:\/\/www.reconnaissancegroup.com\/fr\/nos-entreprises\/reconnaissance-trace-inc\/\",\"url\":\"https:\/\/www.reconnaissancegroup.com\/fr\/nos-entreprises\/reconnaissance-trace-inc\/\",\"name\":\"Reconnaissance Trace Inc - Reconnaissance Group Security Solutions\",\"isPartOf\":{\"@id\":\"https:\/\/www.reconnaissancegroup.com\/#website\"},\"datePublished\":\"2021-05-19T10:02:32+00:00\",\"dateModified\":\"2021-06-14T08:21:34+00:00\",\"breadcrumb\":{\"@id\":\"https:\/\/www.reconnaissancegroup.com\/fr\/nos-entreprises\/reconnaissance-trace-inc\/#breadcrumb\"},\"inLanguage\":\"fr-FR\",\"potentialAction\":[{\"@type\":\"ReadAction\",\"target\":[\"https:\/\/www.reconnaissancegroup.com\/fr\/nos-entreprises\/reconnaissance-trace-inc\/\"]}]},{\"@type\":\"BreadcrumbList\",\"@id\":\"https:\/\/www.reconnaissancegroup.com\/fr\/nos-entreprises\/reconnaissance-trace-inc\/#breadcrumb\",\"itemListElement\":[{\"@type\":\"ListItem\",\"position\":1,\"name\":\"Home\",\"item\":\"https:\/\/www.reconnaissancegroup.com\/fr\/\"},{\"@type\":\"ListItem\",\"position\":2,\"name\":\"Nos Entreprises\",\"item\":\"https:\/\/www.reconnaissancegroup.com\/fr\/nos-entreprises\/\"},{\"@type\":\"ListItem\",\"position\":3,\"name\":\"Reconnaissance Trace Inc\"}]},{\"@type\":\"WebSite\",\"@id\":\"https:\/\/www.reconnaissancegroup.com\/#website\",\"url\":\"https:\/\/www.reconnaissancegroup.com\/\",\"name\":\"Reconnaissance Group Security Solutions\",\"description\":\"Reconnaissance Group provides security services and solutions to enable our clients to operate normal business activities in abnormal business environments.\",\"publisher\":{\"@id\":\"https:\/\/www.reconnaissancegroup.com\/#organization\"},\"potentialAction\":[{\"@type\":\"SearchAction\",\"target\":{\"@type\":\"EntryPoint\",\"urlTemplate\":\"https:\/\/www.reconnaissancegroup.com\/?s={search_term_string}\"},\"query-input\":{\"@type\":\"PropertyValueSpecification\",\"valueRequired\":true,\"valueName\":\"search_term_string\"}}],\"inLanguage\":\"fr-FR\"},{\"@type\":\"Organization\",\"@id\":\"https:\/\/www.reconnaissancegroup.com\/#organization\",\"name\":\"Reconnaissance Group\",\"url\":\"https:\/\/www.reconnaissancegroup.com\/\",\"logo\":{\"@type\":\"ImageObject\",\"inLanguage\":\"fr-FR\",\"@id\":\"https:\/\/www.reconnaissancegroup.com\/#\/schema\/logo\/image\/\",\"url\":\"https:\/\/www.reconnaissancegroup.com\/wp-content\/uploads\/2018\/09\/reconn-logo-login.png\",\"contentUrl\":\"https:\/\/www.reconnaissancegroup.com\/wp-content\/uploads\/2018\/09\/reconn-logo-login.png\",\"width\":300,\"height\":80,\"caption\":\"Reconnaissance Group\"},\"image\":{\"@id\":\"https:\/\/www.reconnaissancegroup.com\/#\/schema\/logo\/image\/\"},\"sameAs\":[\"https:\/\/www.linkedin.com\/company\/reconnaissance-group?trk=tyah&amp;amp;ampampamptrkInfo=tarId1414572360952tasreconnaissanceidx3-2-7\"]}]}<\/script>\n<!-- \/ Yoast SEO plugin. -->","yoast_head_json":{"title":"Reconnaissance Trace Inc - Reconnaissance Group Security Solutions","robots":{"index":"index","follow":"follow","max-snippet":"max-snippet:-1","max-image-preview":"max-image-preview:large","max-video-preview":"max-video-preview:-1"},"canonical":"https:\/\/www.reconnaissancegroup.com\/fr\/nos-entreprises\/reconnaissance-trace-inc\/","og_locale":"fr_FR","og_type":"article","og_title":"Reconnaissance Trace Inc - Reconnaissance Group Security Solutions","og_description":"[vc_row full_width=\u00a0\u00bbstretch_row\u00a0\u00bb css=\u00a0\u00bb.vc_custom_1620977595961{background-image: url(https:\/\/www.reconnaissancegroup.com\/wp-content\/uploads\/2021\/05\/RTI-NYHeader.jpeg?id=2227) !important;background-position: center !important;background-repeat: no-repeat !important;background-size: cover !important;}\u00a0\u00bb el_class=\u00a0\u00bbfull-hero\u00a0\u00bb][vc_column width=\u00a0\u00bb1\/2&Prime;][vc_empty_space height=\u00a0\u00bb100px\u00a0\u00bb][vc_custom_heading text=\u00a0\u00bbReconnaissance Trace Inc\u00a0\u00bb font_container=\u00a0\u00bbtag:h1|text_align:left|color:%23ffffff\u00a0\u00bb use_theme_fonts=\u00a0\u00bbyes\u00a0\u00bb][vc_column_text el_class=\u00a0\u00bbwhite-text\u00a0\u00bb]Nous sommes un leader du d\u00e9veloppement de la r\u00e9silience organisationnelle et [&hellip;]","og_url":"https:\/\/www.reconnaissancegroup.com\/fr\/nos-entreprises\/reconnaissance-trace-inc\/","og_site_name":"Reconnaissance Group Security Solutions","article_modified_time":"2021-06-14T08:21:34+00:00","twitter_card":"summary_large_image","twitter_misc":{"Dur\u00e9e de lecture estim\u00e9e":"2 minutes"},"schema":{"@context":"https:\/\/schema.org","@graph":[{"@type":"WebPage","@id":"https:\/\/www.reconnaissancegroup.com\/fr\/nos-entreprises\/reconnaissance-trace-inc\/","url":"https:\/\/www.reconnaissancegroup.com\/fr\/nos-entreprises\/reconnaissance-trace-inc\/","name":"Reconnaissance Trace Inc - Reconnaissance Group Security Solutions","isPartOf":{"@id":"https:\/\/www.reconnaissancegroup.com\/#website"},"datePublished":"2021-05-19T10:02:32+00:00","dateModified":"2021-06-14T08:21:34+00:00","breadcrumb":{"@id":"https:\/\/www.reconnaissancegroup.com\/fr\/nos-entreprises\/reconnaissance-trace-inc\/#breadcrumb"},"inLanguage":"fr-FR","potentialAction":[{"@type":"ReadAction","target":["https:\/\/www.reconnaissancegroup.com\/fr\/nos-entreprises\/reconnaissance-trace-inc\/"]}]},{"@type":"BreadcrumbList","@id":"https:\/\/www.reconnaissancegroup.com\/fr\/nos-entreprises\/reconnaissance-trace-inc\/#breadcrumb","itemListElement":[{"@type":"ListItem","position":1,"name":"Home","item":"https:\/\/www.reconnaissancegroup.com\/fr\/"},{"@type":"ListItem","position":2,"name":"Nos Entreprises","item":"https:\/\/www.reconnaissancegroup.com\/fr\/nos-entreprises\/"},{"@type":"ListItem","position":3,"name":"Reconnaissance Trace Inc"}]},{"@type":"WebSite","@id":"https:\/\/www.reconnaissancegroup.com\/#website","url":"https:\/\/www.reconnaissancegroup.com\/","name":"Reconnaissance Group Security Solutions","description":"Reconnaissance Group provides security services and solutions to enable our clients to operate normal business activities in abnormal business environments.","publisher":{"@id":"https:\/\/www.reconnaissancegroup.com\/#organization"},"potentialAction":[{"@type":"SearchAction","target":{"@type":"EntryPoint","urlTemplate":"https:\/\/www.reconnaissancegroup.com\/?s={search_term_string}"},"query-input":{"@type":"PropertyValueSpecification","valueRequired":true,"valueName":"search_term_string"}}],"inLanguage":"fr-FR"},{"@type":"Organization","@id":"https:\/\/www.reconnaissancegroup.com\/#organization","name":"Reconnaissance Group","url":"https:\/\/www.reconnaissancegroup.com\/","logo":{"@type":"ImageObject","inLanguage":"fr-FR","@id":"https:\/\/www.reconnaissancegroup.com\/#\/schema\/logo\/image\/","url":"https:\/\/www.reconnaissancegroup.com\/wp-content\/uploads\/2018\/09\/reconn-logo-login.png","contentUrl":"https:\/\/www.reconnaissancegroup.com\/wp-content\/uploads\/2018\/09\/reconn-logo-login.png","width":300,"height":80,"caption":"Reconnaissance Group"},"image":{"@id":"https:\/\/www.reconnaissancegroup.com\/#\/schema\/logo\/image\/"},"sameAs":["https:\/\/www.linkedin.com\/company\/reconnaissance-group?trk=tyah&amp;amp;ampampamptrkInfo=tarId1414572360952tasreconnaissanceidx3-2-7"]}]}},"_links":{"self":[{"href":"https:\/\/www.reconnaissancegroup.com\/fr\/wp-json\/wp\/v2\/pages\/2247","targetHints":{"allow":["GET"]}}],"collection":[{"href":"https:\/\/www.reconnaissancegroup.com\/fr\/wp-json\/wp\/v2\/pages"}],"about":[{"href":"https:\/\/www.reconnaissancegroup.com\/fr\/wp-json\/wp\/v2\/types\/page"}],"author":[{"embeddable":true,"href":"https:\/\/www.reconnaissancegroup.com\/fr\/wp-json\/wp\/v2\/users\/5"}],"replies":[{"embeddable":true,"href":"https:\/\/www.reconnaissancegroup.com\/fr\/wp-json\/wp\/v2\/comments?post=2247"}],"version-history":[{"count":5,"href":"https:\/\/www.reconnaissancegroup.com\/fr\/wp-json\/wp\/v2\/pages\/2247\/revisions"}],"predecessor-version":[{"id":2367,"href":"https:\/\/www.reconnaissancegroup.com\/fr\/wp-json\/wp\/v2\/pages\/2247\/revisions\/2367"}],"up":[{"embeddable":true,"href":"https:\/\/www.reconnaissancegroup.com\/fr\/wp-json\/wp\/v2\/pages\/2256"}],"wp:attachment":[{"href":"https:\/\/www.reconnaissancegroup.com\/fr\/wp-json\/wp\/v2\/media?parent=2247"}],"curies":[{"name":"wp","href":"https:\/\/api.w.org\/{rel}","templated":true}]}}