{"id":1780,"date":"2018-09-20T16:48:00","date_gmt":"2018-09-20T15:48:00","guid":{"rendered":"https:\/\/www.reconnaissancegroup.com\/privacy-policy\/"},"modified":"2018-12-11T16:05:05","modified_gmt":"2018-12-11T16:05:05","slug":"declaration-de-confidentialite","status":"publish","type":"page","link":"https:\/\/www.reconnaissancegroup.com\/fr\/declaration-de-confidentialite\/","title":{"rendered":"D\u00e9claration de confidentialit\u00e9"},"content":{"rendered":"<h1 style=\"text-align: center;\">D\u00e9claration de confidentialit\u00e9<\/h1>\n<p>[Derni\u00e8re mise \u00e0 jour en octobre 2018]<\/p>\n<h2>Introduction<\/h2>\n<p>Nous respectons la vie priv\u00e9e et vos droits de contr\u00f4ler vos donn\u00e9es personnelles. Nous serons francs \u00e0 propos des informations recueillies et de la raison de cette collecte. Cette d\u00e9claration Cette pr\u00e9sente d\u00e9claration explique les informations personnelles que nous recueillons de votre part, directement ou indirectement, et comment nous les utiliserons.<\/p>\n<p>Cette d\u00e9claration de confidentialit\u00e9 est valable pour tous les renseignements personnels r\u00e9colt\u00e9s par le Groupe Reconnaissance. Cela inclut les donn\u00e9es procur\u00e9es pendant l\u2019utilisation de notre site ou de nos services\u2009; que vous soyez client, fournisseur ou partenaire. Elle concerne \u00e9galement les informations recueillies lorsque vous nous contactez par t\u00e9l\u00e9phone ou par courriel.<\/p>\n<p>Veuillez lire cette d\u00e9claration attentivement afin de prendre connaissance des situations o\u00f9 vous nous transmettez des renseignements personnels et de la fa\u00e7on dont le Groupe Reconnaissance utilisera ces informations.<\/p>\n<h2>Utilisation de vos donn\u00e9es personnelles<\/h2>\n<p>Nous utilisons les donn\u00e9es que vous nous avez procur\u00e9es pour communiquer avec vous, pour assurer notre gestion interne, pour dresser des contrats et pour vous fournir nos services. Nous utilisons les coordonn\u00e9es pour\u00a0:<\/p>\n<ul>\n<li>Demander et recevoir des informations \u00e0 propos de nos services en ligne, par t\u00e9l\u00e9phone ou par courriel<\/li>\n<li>Nous permettre de vous tenir inform\u00e9s sur les produits et services que vous utilisez et que nous soutenons.<\/li>\n<li>G\u00e9rer les relations clients<\/li>\n<li>R\u00e9soudre des probl\u00e8mes de service \u00e0 la client\u00e8le<\/li>\n<li>Faciliter les demandes d\u2019acc\u00e8s aux donn\u00e9es<\/li>\n<li>R\u00e9pondre \u00e0 vos questions<\/li>\n<li>Vous offrir un suivi sur vos requ\u00eates.<\/li>\n<\/ul>\n<h2>Type de donn\u00e9es personnelles pouvant \u00eatre r\u00e9colt\u00e9es<\/h2>\n<p>Si vous achetez l\u2019un de nos produits ou que vous faites appel \u00e0 nos services, nous recueillerons les informations suivantes\u00a0:<\/p>\n<ul>\n<li>Votre nom<\/li>\n<li>Le nom et l\u2019adresse de votre soci\u00e9t\u00e9<\/li>\n<li>Votre adresse \u00e9lectronique<\/li>\n<li>Votre adresse postale<\/li>\n<li>Votre num\u00e9ro de t\u00e9l\u00e9phone<\/li>\n<li>Vos coordonn\u00e9es GPS<\/li>\n<li>Vos identifiants GPS, y compris votre mot de passe et votre nom d\u2019utilisateur.<\/li>\n<\/ul>\n<h2>Divulgation de vos donn\u00e9es personnelles \u00e0 des tiers<\/h2>\n<p>Nous ne vendons et ne vendrons pas vos donn\u00e9es \u00e0 des tiers. Nous ne divulguons vos informations que dans les situations d\u00e9crites dans la pr\u00e9sente d\u00e9claration. Aucune prise de d\u00e9cision automatis\u00e9e ne sera utilis\u00e9e pour les donn\u00e9es personnelles. Nous pouvons partager vos donn\u00e9es avec les tiers \u00e9num\u00e9r\u00e9s ci-dessous.<\/p>\n<p>Si la Loi exige votre consentement ou que nous estimons que votre accord est n\u00e9cessaire, nous vous le demanderons avant de transf\u00e9rer vos donn\u00e9es personnelles.<\/p>\n<h2>Tiers pouvant recevoir vos donn\u00e9es personnelles<\/h2>\n<p>Si vous \u00eates l\u2019un de nos clients, de nos fournisseurs ou de nos partenaires, nous transmettrons \u00e0 des tiers les informations que vous nous aurez procur\u00e9es. C\u2019est n\u00e9cessaire afin d\u2019assurer le bon fonctionnement de nos services. Nous utilisons Microsoft Office\u00a0365 pour notre gestion et notre communication. En ce sens, Microsoft Office peut constituer un tiers. Voici d\u2019autres\u00a0tiers:<\/p>\n<h3>Hubspot<\/h3>\n<p>Nous utilisons Autotask comme logiciel de gestion de la relation client. Hubspot utilise Amazon Web Services, dont les serveurs sont situ\u00e9s en Irlande et aux \u00c9tats-Unis. HubSpot participe au bouclier de protection des donn\u00e9es entre l\u2019Union Europ\u00e9enne et les \u00c9tats-Unis. De plus, HubSpot dispose de la certification requise \u00e0 cette fin.<\/p>\n<p>Pour plus d\u2019informations\u00a0: <a href=\"https:\/\/legal.hubspot.com\/fr\/privacy-policy#_Toc513893751\" target=\"_blank\" rel=\"noopener\">Politique de confidentialit\u00e9 de HubSpot<\/a><\/p>\n<h3>Smartsheet<\/h3>\n<p>Notre soci\u00e9t\u00e9 utilise Smartsheet comme forum de travail commun en ligne. Ses serveurs sont situ\u00e9s aux \u00c9tats-Unis. Smartsheet participe au bouclier de protection des donn\u00e9es entre l\u2019Union Europ\u00e9enne et les \u00c9tats-Unis. De plus, Smartsheet dispose de la certification requise \u00e0 cette fin.<\/p>\n<p>Pour plus d\u2019informations\u00a0: <a href=\"https:\/\/www.smartsheet.com\/legal\/gdpr?_ga=2.173917987.1486750642.1537102501-1024874838.1535918729&amp;_gac=1.86554986.1537102585.Cj0KCQjw_vfcBRDJARIsAJafEnFfaywWCIRooJCqNYkWE2PzwJtGhLLyuYXFsy8QZMKLChSwDuRYnYAaAqdbEALw_wcB\" target=\"_blank\" rel=\"noopener\">Smartsheet &amp; GDPR<\/a><\/p>\n<h3>Dropbox<\/h3>\n<p>Notre \u00e9quipe utilise Dropbox pour partager des informations en son sein. Les fichiers d\u00e9pos\u00e9s dans la Dropbox sont gard\u00e9s sous forme crypt\u00e9e sur des serveurs s\u00e9curis\u00e9s aux \u00c9tats-Unis et en Europe. Dropbox participe au bouclier de protection des donn\u00e9es entre l\u2019Union Europ\u00e9enne et les \u00c9tats-Unis. De plus, Dropbox dispose de la certification requise \u00e0 cette fin.<\/p>\n<p>Pour plus d\u2019informations\u00a0: <a href=\"https:\/\/www.dropbox.com\/privacy\" target=\"_blank\" rel=\"noopener\">Politique de confidentialit\u00e9 Dropbox<\/a><\/p>\n<h3>Sage<\/h3>\n<p>Sage est notre logiciel de comptabilit\u00e9. Sage soustraite parfois \u00e0 des fournisseurs de service externe \u00e0 l\u2019EAA. Par cons\u00e9quent, vos donn\u00e9es peuvent \u00e9ventuellement \u00eatre transf\u00e9r\u00e9es \u00e0 leurs soci\u00e9t\u00e9s apparent\u00e9es ou affili\u00e9es en dehors de l\u2019EAA. Toutes les soci\u00e9t\u00e9s apparent\u00e9es ou affili\u00e9es au Groupe\u00a0Sage sont soumises aux dispositifs internes de protection des donn\u00e9es et tout transfert est conforme aux normes du RGPD.<\/p>\n<p>Pour plus d\u2019informations\u00a0: <a href=\"http:\/\/www.sage.com\/company\/gdpr\" target=\"_blank\" rel=\"noopener\">RGPD \u2014 Sage [anglais]<\/a><\/p>\n<h3>iWeb<\/h3>\n<p>Notre service de localisation GPS est bas\u00e9 au Canada et dispose d\u2019unit\u00e9s aux \u00c9tats-Unis fournies par iWeb. iWeb participe au bouclier de protection des donn\u00e9es entre l\u2019Union Europ\u00e9enne et les \u00c9tats-Unis. De plus, iWeb dispose de la certification requise \u00e0 cette fin. En outre, iWeb se conforme aux dispositions du RGPD.<\/p>\n<p>Pour plus d\u2019informations\u00a0:<\/p>\n<p>Conformit\u00e9 d\u2019iWeb avec le RGPD\u00a0: <a href=\"https:\/\/www.inap.com\/legal\/gdpr\/\" target=\"_blank\" rel=\"noopener\">RGPD d\u2019iWeb [anglais]<\/a><br \/>\nPolitique de confidentialit\u00e9 \u2014 <a href=\"https:\/\/iweb.com\/fr\/legal\/vie-privee%20\" target=\"_blank\" rel=\"noopener\">iWeb\u00a0: Confidentialit\u00e9 \u2014 iWeb<\/a><\/p>\n<h2>Traitement de vos donn\u00e9es personnelles<\/h2>\n<p>Vos donn\u00e9es personnelles sont stock\u00e9es et analys\u00e9es dans les bureaux du Groupe Reconnaissance situ\u00e9s en\u00a0:<\/p>\n<p><strong>Irlande<br \/>\n<\/strong>Suite\u00a05, Providence House, Blanchardstown Corporate Park, D15\u00a0XPT9, Dublin\u00a015, Irlande<\/p>\n<p><strong>New York<br \/>\n<\/strong>205 Hudson Street, 7<sup>\u00e8me<\/sup> \u00e9tage, NY10013, New York, USA<\/p>\n<p><strong>Haiti<br \/>\n<\/strong>4<sup>\u00e8me<\/sup> \u00e9tage, 151 Avenue Angles Jean Paul\u00a0II &amp; Impasse Duverger, Port-Au-Prince, Haiti<\/p>\n<p>Les donn\u00e9es sont enregistr\u00e9es aux \u00c9tats-Unis et en Europe dans les serveurs d\u2019un parti tiers, tel que mentionn\u00e9 dans cette d\u00e9claration.<\/p>\n<p>\u00c0 l\u2019exception des tiers pr\u00e9sent\u00e9s ici, nul autre n\u2019a acc\u00e8s \u00e0 vos donn\u00e9es sauf si la Loi pr\u00e9voit autrement.<\/p>\n<p>Les serveurs sont prot\u00e9g\u00e9s par des mesures techniques, telles que le cryptage, afin de garantir la s\u00e9curit\u00e9 des informations.<\/p>\n<h2>Dur\u00e9e de r\u00e9tention de vos donn\u00e9es personnelles<\/h2>\n<p>Notre r\u00e8glement et notre politique de conservation des donn\u00e9es personnelles nous obligent \u00e0 conserver les informations relatives \u00e0 nos clients, fournisseurs et partenaires pendant deux ans apr\u00e8s la fin du contrat. Vos donn\u00e9es personnels seront an\u00e9antis de mani\u00e8re irr\u00e9versible au terme de cette p\u00e9riode. Le r\u00e8glement pr\u00e9voit que les donn\u00e9es financi\u00e8res soient gard\u00e9es pendant 7 ans conform\u00e9ment aux exigences statutaires.<\/p>\n<h2>Protection de vos donn\u00e9es personnelles<\/h2>\n<p>Nous prenons tr\u00e8s au s\u00e9rieux la s\u00e9curit\u00e9 de vos donn\u00e9es personnelles et mettons tout en \u0153uvre pour la garantir. Pour ce faire, le Groupe Reconnaisance a mis en place diff\u00e9rentes mesures d\u2019ordre technique, physique, et organisationnel. Par exemple, nous utilisons des m\u00e9canismes de contr\u00f4le\u00a0d\u2019acc\u00e8s, des pare-feux, des serveurs et des plateformes de messagerie \u00e9lectroniques s\u00e9curis\u00e9s. De plus, nous cryptons les donn\u00e9es.<\/p>\n<h2>Vos droits<\/h2>\n<p>Si vous pensez que nous disposons de renseignements erron\u00e9s \u00e0 votre \u00e9gard, vous pouvez demander que ces informations soient modifi\u00e9es ou supprim\u00e9es. Veuillez nous contacter \u00e0 l\u2019adresse \u00e9lectronique: <a href=\"mailto:privacy@reconnaissancegroup.com\">privacy@reconnaissancegroup.com<\/a> ou par \u00e9crit \u00e0 l\u2019adresse postale\u00a0: Groupe Reconnaissance, Suite\u00a05, Providence House, Blanchardstown Corporate Park, D15 XPT9, Dublin\u00a015, Irlande.<\/p>\n<p>Si vous voulez \u00e9mettre une plainte \u00e0 propos de la fa\u00e7on dont vos donn\u00e9es personnelles ont \u00e9t\u00e9 trait\u00e9es, contactez-nous par courriel: <a href=\"mailto:privacy@reconnaissancegroup.com\">privacy@reconnaissancegroup.com<\/a> ou par la poste\u00a0: Groupe Reconnaissance, Suite\u00a05, Providence House, Blanchardstown Corporate Park, D15 XPT9, Dublin\u00a015, Irlande. Votre plainte sera examin\u00e9e et nous r\u00e8glerons le probl\u00e8me conjointement avec vous.<\/p>\n<p>Si vous n\u2019\u00eates toujours pas satisfait et que vous estimez que la collecte ou l\u2019utilisation de vos donn\u00e9es personnels n\u2019a pas \u00e9t\u00e9 conforme \u00e0 la Loi, nous vous invitons \u00e0 d\u00e9poser une plainte aux autorit\u00e9s irlandaises de protection des donn\u00e9es.<\/p>\n<h2>Modifications \u00e0 la d\u00e9claration de confidentialit\u00e9<\/h2>\n<p>Nous nous r\u00e9servons le droit de modifier la pr\u00e9sente d\u00e9claration de confidentialit\u00e9, tout changement sera publi\u00e9 sur notre site internet. Nous indiquerons la date de la derni\u00e8re mise \u00e0 jour en ent\u00eate de la d\u00e9claration de confidentialit\u00e9. En continuant l\u2019utilisation de nos services et de nos produits, vous acceptez d\u2019\u00eatre soumis \u00e0 la pr\u00e9sente d\u00e9claration.<\/p>\n","protected":false},"excerpt":{"rendered":"<p>D\u00e9claration de confidentialit\u00e9 [Derni\u00e8re mise \u00e0 jour en octobre 2018] Introduction Nous respectons la vie priv\u00e9e et vos droits de contr\u00f4ler vos donn\u00e9es personnelles. Nous serons francs \u00e0 propos des [&hellip;]<\/p>\n","protected":false},"author":1,"featured_media":0,"parent":0,"menu_order":0,"comment_status":"closed","ping_status":"closed","template":"","meta":{"_acf_changed":false,"_genesis_hide_title":false,"_genesis_hide_breadcrumbs":false,"_genesis_hide_singular_image":false,"_genesis_hide_footer_widgets":false,"_genesis_custom_body_class":"","_genesis_custom_post_class":"","_genesis_layout":"","footnotes":""},"class_list":{"0":"post-1780","1":"page","2":"type-page","3":"status-publish","5":"entry"},"acf":[],"yoast_head":"<!-- This site is optimized with the Yoast SEO plugin v27.3 - https:\/\/yoast.com\/product\/yoast-seo-wordpress\/ -->\n<title>D\u00e9claration de confidentialit\u00e9 - Reconnaissance Group Security Solutions<\/title>\n<meta name=\"robots\" content=\"index, follow, max-snippet:-1, max-image-preview:large, max-video-preview:-1\" \/>\n<link rel=\"canonical\" href=\"https:\/\/www.reconnaissancegroup.com\/fr\/declaration-de-confidentialite\/\" \/>\n<meta property=\"og:locale\" content=\"fr_FR\" \/>\n<meta property=\"og:type\" content=\"article\" \/>\n<meta property=\"og:title\" content=\"D\u00e9claration de confidentialit\u00e9 - Reconnaissance Group Security Solutions\" \/>\n<meta property=\"og:description\" content=\"D\u00e9claration de confidentialit\u00e9 [Derni\u00e8re mise \u00e0 jour en octobre 2018] Introduction Nous respectons la vie priv\u00e9e et vos droits de contr\u00f4ler vos donn\u00e9es personnelles. Nous serons francs \u00e0 propos des [&hellip;]\" \/>\n<meta property=\"og:url\" content=\"https:\/\/www.reconnaissancegroup.com\/fr\/declaration-de-confidentialite\/\" \/>\n<meta property=\"og:site_name\" content=\"Reconnaissance Group Security Solutions\" \/>\n<meta property=\"article:modified_time\" content=\"2018-12-11T16:05:05+00:00\" \/>\n<meta name=\"twitter:card\" content=\"summary_large_image\" \/>\n<meta name=\"twitter:label1\" content=\"Dur\u00e9e de lecture estim\u00e9e\" \/>\n\t<meta name=\"twitter:data1\" content=\"7 minutes\" \/>\n<script type=\"application\/ld+json\" class=\"yoast-schema-graph\">{\"@context\":\"https:\\\/\\\/schema.org\",\"@graph\":[{\"@type\":\"WebPage\",\"@id\":\"https:\\\/\\\/www.reconnaissancegroup.com\\\/fr\\\/declaration-de-confidentialite\\\/\",\"url\":\"https:\\\/\\\/www.reconnaissancegroup.com\\\/fr\\\/declaration-de-confidentialite\\\/\",\"name\":\"D\u00e9claration de confidentialit\u00e9 - Reconnaissance Group Security Solutions\",\"isPartOf\":{\"@id\":\"https:\\\/\\\/www.reconnaissancegroup.com\\\/#website\"},\"datePublished\":\"2018-09-20T15:48:00+00:00\",\"dateModified\":\"2018-12-11T16:05:05+00:00\",\"breadcrumb\":{\"@id\":\"https:\\\/\\\/www.reconnaissancegroup.com\\\/fr\\\/declaration-de-confidentialite\\\/#breadcrumb\"},\"inLanguage\":\"fr-FR\",\"potentialAction\":[{\"@type\":\"ReadAction\",\"target\":[\"https:\\\/\\\/www.reconnaissancegroup.com\\\/fr\\\/declaration-de-confidentialite\\\/\"]}]},{\"@type\":\"BreadcrumbList\",\"@id\":\"https:\\\/\\\/www.reconnaissancegroup.com\\\/fr\\\/declaration-de-confidentialite\\\/#breadcrumb\",\"itemListElement\":[{\"@type\":\"ListItem\",\"position\":1,\"name\":\"Home\",\"item\":\"https:\\\/\\\/www.reconnaissancegroup.com\\\/fr\\\/\"},{\"@type\":\"ListItem\",\"position\":2,\"name\":\"D\u00e9claration de confidentialit\u00e9\"}]},{\"@type\":\"WebSite\",\"@id\":\"https:\\\/\\\/www.reconnaissancegroup.com\\\/#website\",\"url\":\"https:\\\/\\\/www.reconnaissancegroup.com\\\/\",\"name\":\"Reconnaissance Group Security Solutions\",\"description\":\"Reconnaissance Group provides security services and solutions to enable our clients to operate normal business activities in abnormal business environments.\",\"publisher\":{\"@id\":\"https:\\\/\\\/www.reconnaissancegroup.com\\\/#organization\"},\"potentialAction\":[{\"@type\":\"SearchAction\",\"target\":{\"@type\":\"EntryPoint\",\"urlTemplate\":\"https:\\\/\\\/www.reconnaissancegroup.com\\\/?s={search_term_string}\"},\"query-input\":{\"@type\":\"PropertyValueSpecification\",\"valueRequired\":true,\"valueName\":\"search_term_string\"}}],\"inLanguage\":\"fr-FR\"},{\"@type\":\"Organization\",\"@id\":\"https:\\\/\\\/www.reconnaissancegroup.com\\\/#organization\",\"name\":\"Reconnaissance Group\",\"url\":\"https:\\\/\\\/www.reconnaissancegroup.com\\\/\",\"logo\":{\"@type\":\"ImageObject\",\"inLanguage\":\"fr-FR\",\"@id\":\"https:\\\/\\\/www.reconnaissancegroup.com\\\/#\\\/schema\\\/logo\\\/image\\\/\",\"url\":\"https:\\\/\\\/www.reconnaissancegroup.com\\\/wp-content\\\/uploads\\\/2018\\\/09\\\/reconn-logo-login.png\",\"contentUrl\":\"https:\\\/\\\/www.reconnaissancegroup.com\\\/wp-content\\\/uploads\\\/2018\\\/09\\\/reconn-logo-login.png\",\"width\":300,\"height\":80,\"caption\":\"Reconnaissance Group\"},\"image\":{\"@id\":\"https:\\\/\\\/www.reconnaissancegroup.com\\\/#\\\/schema\\\/logo\\\/image\\\/\"},\"sameAs\":[\"https:\\\/\\\/www.linkedin.com\\\/company\\\/reconnaissance-group?trk=tyah&amp;amp;ampampamptrkInfo=tarId1414572360952tasreconnaissanceidx3-2-7\"]}]}<\/script>\n<!-- \/ Yoast SEO plugin. -->","yoast_head_json":{"title":"D\u00e9claration de confidentialit\u00e9 - Reconnaissance Group Security Solutions","robots":{"index":"index","follow":"follow","max-snippet":"max-snippet:-1","max-image-preview":"max-image-preview:large","max-video-preview":"max-video-preview:-1"},"canonical":"https:\/\/www.reconnaissancegroup.com\/fr\/declaration-de-confidentialite\/","og_locale":"fr_FR","og_type":"article","og_title":"D\u00e9claration de confidentialit\u00e9 - Reconnaissance Group Security Solutions","og_description":"D\u00e9claration de confidentialit\u00e9 [Derni\u00e8re mise \u00e0 jour en octobre 2018] Introduction Nous respectons la vie priv\u00e9e et vos droits de contr\u00f4ler vos donn\u00e9es personnelles. Nous serons francs \u00e0 propos des [&hellip;]","og_url":"https:\/\/www.reconnaissancegroup.com\/fr\/declaration-de-confidentialite\/","og_site_name":"Reconnaissance Group Security Solutions","article_modified_time":"2018-12-11T16:05:05+00:00","twitter_card":"summary_large_image","twitter_misc":{"Dur\u00e9e de lecture estim\u00e9e":"7 minutes"},"schema":{"@context":"https:\/\/schema.org","@graph":[{"@type":"WebPage","@id":"https:\/\/www.reconnaissancegroup.com\/fr\/declaration-de-confidentialite\/","url":"https:\/\/www.reconnaissancegroup.com\/fr\/declaration-de-confidentialite\/","name":"D\u00e9claration de confidentialit\u00e9 - Reconnaissance Group Security Solutions","isPartOf":{"@id":"https:\/\/www.reconnaissancegroup.com\/#website"},"datePublished":"2018-09-20T15:48:00+00:00","dateModified":"2018-12-11T16:05:05+00:00","breadcrumb":{"@id":"https:\/\/www.reconnaissancegroup.com\/fr\/declaration-de-confidentialite\/#breadcrumb"},"inLanguage":"fr-FR","potentialAction":[{"@type":"ReadAction","target":["https:\/\/www.reconnaissancegroup.com\/fr\/declaration-de-confidentialite\/"]}]},{"@type":"BreadcrumbList","@id":"https:\/\/www.reconnaissancegroup.com\/fr\/declaration-de-confidentialite\/#breadcrumb","itemListElement":[{"@type":"ListItem","position":1,"name":"Home","item":"https:\/\/www.reconnaissancegroup.com\/fr\/"},{"@type":"ListItem","position":2,"name":"D\u00e9claration de confidentialit\u00e9"}]},{"@type":"WebSite","@id":"https:\/\/www.reconnaissancegroup.com\/#website","url":"https:\/\/www.reconnaissancegroup.com\/","name":"Reconnaissance Group Security Solutions","description":"Reconnaissance Group provides security services and solutions to enable our clients to operate normal business activities in abnormal business environments.","publisher":{"@id":"https:\/\/www.reconnaissancegroup.com\/#organization"},"potentialAction":[{"@type":"SearchAction","target":{"@type":"EntryPoint","urlTemplate":"https:\/\/www.reconnaissancegroup.com\/?s={search_term_string}"},"query-input":{"@type":"PropertyValueSpecification","valueRequired":true,"valueName":"search_term_string"}}],"inLanguage":"fr-FR"},{"@type":"Organization","@id":"https:\/\/www.reconnaissancegroup.com\/#organization","name":"Reconnaissance Group","url":"https:\/\/www.reconnaissancegroup.com\/","logo":{"@type":"ImageObject","inLanguage":"fr-FR","@id":"https:\/\/www.reconnaissancegroup.com\/#\/schema\/logo\/image\/","url":"https:\/\/www.reconnaissancegroup.com\/wp-content\/uploads\/2018\/09\/reconn-logo-login.png","contentUrl":"https:\/\/www.reconnaissancegroup.com\/wp-content\/uploads\/2018\/09\/reconn-logo-login.png","width":300,"height":80,"caption":"Reconnaissance Group"},"image":{"@id":"https:\/\/www.reconnaissancegroup.com\/#\/schema\/logo\/image\/"},"sameAs":["https:\/\/www.linkedin.com\/company\/reconnaissance-group?trk=tyah&amp;amp;ampampamptrkInfo=tarId1414572360952tasreconnaissanceidx3-2-7"]}]}},"_links":{"self":[{"href":"https:\/\/www.reconnaissancegroup.com\/fr\/wp-json\/wp\/v2\/pages\/1780","targetHints":{"allow":["GET"]}}],"collection":[{"href":"https:\/\/www.reconnaissancegroup.com\/fr\/wp-json\/wp\/v2\/pages"}],"about":[{"href":"https:\/\/www.reconnaissancegroup.com\/fr\/wp-json\/wp\/v2\/types\/page"}],"author":[{"embeddable":true,"href":"https:\/\/www.reconnaissancegroup.com\/fr\/wp-json\/wp\/v2\/users\/1"}],"replies":[{"embeddable":true,"href":"https:\/\/www.reconnaissancegroup.com\/fr\/wp-json\/wp\/v2\/comments?post=1780"}],"version-history":[{"count":4,"href":"https:\/\/www.reconnaissancegroup.com\/fr\/wp-json\/wp\/v2\/pages\/1780\/revisions"}],"predecessor-version":[{"id":1784,"href":"https:\/\/www.reconnaissancegroup.com\/fr\/wp-json\/wp\/v2\/pages\/1780\/revisions\/1784"}],"wp:attachment":[{"href":"https:\/\/www.reconnaissancegroup.com\/fr\/wp-json\/wp\/v2\/media?parent=1780"}],"curies":[{"name":"wp","href":"https:\/\/api.w.org\/{rel}","templated":true}]}}