{"id":1608,"date":"2018-08-31T15:34:02","date_gmt":"2018-08-31T14:34:02","guid":{"rendered":"https:\/\/www.reconnaissancegroup.com\/meet-the-team\/"},"modified":"2021-05-17T16:44:57","modified_gmt":"2021-05-17T15:44:57","slug":"rencontrez-notre-equipe","status":"publish","type":"page","link":"https:\/\/www.reconnaissancegroup.com\/fr\/rencontrez-notre-equipe\/","title":{"rendered":"Rencontrez notre \u00e9quipe"},"content":{"rendered":"<div class=\"wpb-content-wrapper\"><p>[vc_row][vc_column][vc_custom_heading text=\u00a0\u00bbRencontrez notre \u00e9quipe\u00a0\u00bb font_container=\u00a0\u00bbtag:h1|text_align:left\u00a0\u00bb use_theme_fonts=\u00a0\u00bbyes\u00a0\u00bb][vc_column_text]Notre \u00e9quipe provient de milieux tels que la s\u00e9curit\u00e9, l&rsquo;arm\u00e9e, la police, le milieu juridique, les finances et les affaires, et dispose d&rsquo;une riche exp\u00e9rience et de nombreuses qualifications dans ces domaines. Notre \u00e9quipe est la cl\u00e9 de notre succ\u00e8s, aussi bien de par le pass\u00e9 qu&rsquo;\u00e0 l&rsquo;avenir, et l&rsquo;investissement dans notre \u00e9quipe est toujours une des valeurs fondamentales de notre entreprise.[\/vc_column_text]<div id=\"tshowcase_id_0\" data-atts=\"{&quot;url&quot;:&quot;active&quot;,&quot;layout&quot;:&quot;hover&quot;,&quot;style&quot;:&quot;img-square,text-center,5-columns,white-hover&quot;,&quot;display&quot;:&quot;name,photo,social,position,filter&quot;}\"><div class='tshowcase'><div class='ts-filter-nav'><ul class='tsfilter'><li class='ts-all' data-filter='*'>Tout<\/li><li id='ts-id-28' data-filter='.ts-id-28'>L'\u00e9quipe de direction<\/li><li id='ts-id-30' data-filter='.ts-id-30'>Op\u00e9rations et Tactiques<\/li><li id='ts-id-31' data-filter='.ts-id-31'>Cr\u00e9ation et Formation<\/li><li id='ts-id-32' data-filter='.ts-id-32'>Commercial et Marketing<\/li><\/ul><\/div><div class='ts-responsive-wrap  tshowcase-white-hover-wrap' id='tshowcase-hover-wrap'><div  class=\"tshowcase-hover-box ts-col_5  tshowcase-filter-active ts-01lequipe-de-direction ts-id-28 \"><div style=\"margin-left:auto; margin-right:auto; max-width:280px;\"><span class=\"ts-square \"><img src='https:\/\/www.reconnaissancegroup.com\/wp-content\/uploads\/2021\/01\/rsz_3m1a4602-2-280x400.jpg' width='280' \/><span class=\"tshowcase-hover-info\"><div class='tshowcase-box-info ts-align-center '><div class='tshowcase-box-info-inner'><div class=\"tshowcase-box-title\" itemprop=\"name\"><a href=\"https:\/\/www.reconnaissancegroup.com\/fr\/equipe\/ansy-marie-francoise-alcindor\/\" class=\"\" rel=\"\">Ansy Marie Fran\u00e7oise Alcinador<\/a><\/div><div class='tshowcase-box-details'><div itemprop=\"jobTitle\" class=\"tshowcase-single-position\">Cadre RH <\/div><\/div><div class='tshowcase-box-social'><a href='mailto:ansy.alcindor&#64;reconnaissancegroup.com' rel='nofollow' target='_blank'><i class='fas fa-envelope fa-lg'><\/i><\/a><\/div><\/div><\/div><\/span><\/span> <\/div><\/div><div  class=\"tshowcase-hover-box ts-col_5  tshowcase-filter-active ts-03operations-et-tactiques ts-id-30 \"><div style=\"margin-left:auto; margin-right:auto; max-width:280px;\"><span class=\"ts-square \"><img src='https:\/\/www.reconnaissancegroup.com\/wp-content\/uploads\/2021\/01\/Guillaume-profile-280x400.jpeg' width='280' \/><span class=\"tshowcase-hover-info\"><div class='tshowcase-box-info ts-align-center '><div class='tshowcase-box-info-inner'><div class=\"tshowcase-box-title\" itemprop=\"name\"><a href=\"https:\/\/www.reconnaissancegroup.com\/fr\/equipe\/guillaume-ricardo-lesly\/\" class=\"\" rel=\"\">Guillaume Ricardo Lesly<\/a><\/div><div class='tshowcase-box-details'><div itemprop=\"jobTitle\" class=\"tshowcase-single-position\">Sites Operations Manager<\/div><\/div><div class='tshowcase-box-social'><a href='mailto:guillaume&#64;reconnaissancegroup.com' rel='nofollow' target='_blank'><i class='fas fa-envelope fa-lg'><\/i><\/a><a href='https:\/\/www.linkedin.com\/in\/ricardo-lesly-guillaume-41a754a6\/' rel='nofollow' target='_blank'><i class='fab fa-linkedin fa-lg'><\/i><\/a><\/div><\/div><\/div><\/span><\/span> <\/div><\/div><div  class=\"tshowcase-hover-box ts-col_5  tshowcase-filter-active ts-05commercial-et-marketing ts-id-32 \"><div style=\"margin-left:auto; margin-right:auto; max-width:280px;\"><span class=\"ts-square \"><img src='https:\/\/www.reconnaissancegroup.com\/wp-content\/uploads\/2021\/01\/Malidza-280x400-1-280x400.jpg' width='280' alt=\"Malidza\"\/><span class=\"tshowcase-hover-info\"><div class='tshowcase-box-info ts-align-center '><div class='tshowcase-box-info-inner'><div class=\"tshowcase-box-title\" itemprop=\"name\"><a href=\"https:\/\/www.reconnaissancegroup.com\/fr\/equipe\/2096\/\" class=\"\" rel=\"\">Malidza Valc\u00e9nat<\/a><\/div><div class='tshowcase-box-details'><div itemprop=\"jobTitle\" class=\"tshowcase-single-position\">Customer Success Representative<\/div><\/div><div class='tshowcase-box-social'><a href='mailto:malidza&#64;reconnaissancegroup.com' rel='nofollow' target='_blank'><i class='fas fa-envelope fa-lg'><\/i><\/a><a href='https:\/\/www.linkedin.com\/in\/malidza-valcenat-027439201\/' rel='nofollow' target='_blank'><i class='fab fa-linkedin fa-lg'><\/i><\/a><\/div><\/div><\/div><\/span><\/span> <\/div><\/div><div  class=\"tshowcase-hover-box ts-col_5  tshowcase-filter-active ts-03operations-et-tactiques ts-id-30 \"><div style=\"margin-left:auto; margin-right:auto; max-width:280px;\"><span class=\"ts-square \"><img src='https:\/\/www.reconnaissancegroup.com\/wp-content\/uploads\/2021\/01\/Reginald-280x400-1-280x400.jpg' width='280' alt=\"Reginald\"\/><span class=\"tshowcase-hover-info\"><div class='tshowcase-box-info ts-align-center '><div class='tshowcase-box-info-inner'><div class=\"tshowcase-box-title\" itemprop=\"name\"><a href=\"https:\/\/www.reconnaissancegroup.com\/fr\/equipe\/2100\/\" class=\"\" rel=\"\">Reginald Coutard<\/a><\/div><div class='tshowcase-box-details'><div itemprop=\"jobTitle\" class=\"tshowcase-single-position\">Responsable Informatique<\/div><\/div><div class='tshowcase-box-social'><a href='mailto:reginald.coutard&#64;reconnaissancegroup.com' rel='nofollow' target='_blank'><i class='fas fa-envelope fa-lg'><\/i><\/a><a href='https:\/\/www.linkedin.com\/in\/reginald-coutard-a280b01a7\/' rel='nofollow' target='_blank'><i class='fab fa-linkedin fa-lg'><\/i><\/a><\/div><\/div><\/div><\/span><\/span> <\/div><\/div><div  class=\"tshowcase-hover-box ts-col_5  tshowcase-filter-active ts-01lequipe-de-direction ts-id-28 \"><div style=\"margin-left:auto; margin-right:auto; max-width:280px;\"><span class=\"ts-square \"><img src='https:\/\/www.reconnaissancegroup.com\/wp-content\/uploads\/2018\/09\/Shane-Henry-CEO.jpg' width='280' \/><span class=\"tshowcase-hover-info\"><div class='tshowcase-box-info ts-align-center '><div class='tshowcase-box-info-inner'><div class=\"tshowcase-box-title\" itemprop=\"name\"><a href=\"https:\/\/www.reconnaissancegroup.com\/fr\/equipe\/shane-henry\/\" class=\"\" rel=\"\">Shane Henry<\/a><\/div><div class='tshowcase-box-details'><div itemprop=\"jobTitle\" class=\"tshowcase-single-position\">Pr\u00e9sident-directeur g\u00e9n\u00e9ral<\/div><\/div><div class='tshowcase-box-social'><a href='mailto:shane.henry&#64;reconnaissancegroup.com' rel='nofollow' target='_blank'><i class='fas fa-envelope fa-lg'><\/i><\/a><a href='http:\/\/www.linkedin.com\/in\/shanehenryreconnaissance' rel='nofollow' target='_blank'><i class='fab fa-linkedin fa-lg'><\/i><\/a><\/div><\/div><\/div><\/span><\/span> <\/div><\/div><div  class=\"tshowcase-hover-box ts-col_5  tshowcase-filter-active ts-01lequipe-de-direction ts-id-28 \"><div style=\"margin-left:auto; margin-right:auto; max-width:280px;\"><span class=\"ts-square \"><img src='https:\/\/www.reconnaissancegroup.com\/wp-content\/uploads\/2018\/09\/Reconnaissance-Portraits-Kerri-Richardson.jpg' width='280' \/><span class=\"tshowcase-hover-info\"><div class='tshowcase-box-info ts-align-center '><div class='tshowcase-box-info-inner'><div class=\"tshowcase-box-title\" itemprop=\"name\"><a href=\"https:\/\/www.reconnaissancegroup.com\/fr\/equipe\/kerri-richardson\/\" class=\"\" rel=\"\">Kerri Richardson<\/a><\/div><div class='tshowcase-box-details'><div itemprop=\"jobTitle\" class=\"tshowcase-single-position\">Contr\u00f4leur financier<\/div><\/div><div class='tshowcase-box-social'><a href='mailto:kerri&#64;reconnaissancegroup.com' rel='nofollow' target='_blank'><i class='fas fa-envelope fa-lg'><\/i><\/a><a href='https:\/\/www.linkedin.com\/in\/kerri-richardson-951612154\/' rel='nofollow' target='_blank'><i class='fab fa-linkedin fa-lg'><\/i><\/a><\/div><\/div><\/div><\/span><\/span> <\/div><\/div><div  class=\"tshowcase-hover-box ts-col_5  tshowcase-filter-active ts-03operations-et-tactiques ts-id-30 \"><div style=\"margin-left:auto; margin-right:auto; max-width:280px;\"><span class=\"ts-square \"><img src='https:\/\/www.reconnaissancegroup.com\/wp-content\/uploads\/2018\/09\/Sebastian-280x400-1-280x400.jpg' width='280' alt=\"Sebastien Alexis\"\/><span class=\"tshowcase-hover-info\"><div class='tshowcase-box-info ts-align-center '><div class='tshowcase-box-info-inner'><div class=\"tshowcase-box-title\" itemprop=\"name\"><a href=\"https:\/\/www.reconnaissancegroup.com\/fr\/equipe\/sebastien-alexis\/\" class=\"\" rel=\"\">Sebastien Alexis Gautherie<\/a><\/div><div class='tshowcase-box-details'><div itemprop=\"jobTitle\" class=\"tshowcase-single-position\">Directeur des op\u00e9rations<\/div><\/div><div class='tshowcase-box-social'><a href='https:\/\/www.linkedin.com\/in\/sebastien-alexis-89585990\/' rel='nofollow' target='_blank'><i class='fab fa-linkedin fa-lg'><\/i><\/a><\/div><\/div><\/div><\/span><\/span> <\/div><\/div><div  class=\"tshowcase-hover-box ts-col_5  tshowcase-filter-active ts-01lequipe-de-direction ts-id-28 \"><div style=\"margin-left:auto; margin-right:auto; max-width:280px;\"><span class=\"ts-square \"><img src='https:\/\/www.reconnaissancegroup.com\/wp-content\/uploads\/2021\/12\/JB170122-4-1-280x400.jpg' width='280' \/><span class=\"tshowcase-hover-info\"><div class='tshowcase-box-info ts-align-center '><div class='tshowcase-box-info-inner'><div class=\"tshowcase-box-title\" itemprop=\"name\"><a href=\"https:\/\/www.reconnaissancegroup.com\/fr\/equipe\/paul-griffin\/\" class=\"\" rel=\"\">Paul Griffin<\/a><\/div><div class='tshowcase-box-details'><div itemprop=\"jobTitle\" class=\"tshowcase-single-position\">Directeur Pays Hait<\/div><\/div><div class='tshowcase-box-social'><a href='mailto:paul&#64;reconnaissancegroup.com' rel='nofollow' target='_blank'><i class='fas fa-envelope fa-lg'><\/i><\/a><a href='https:\/\/www.linkedin.com\/in\/paul-griffin-45b7081b5\/' rel='nofollow' target='_blank'><i class='fab fa-linkedin fa-lg'><\/i><\/a><\/div><\/div><\/div><\/span><\/span> <\/div><\/div><div  class=\"tshowcase-hover-box ts-col_5  tshowcase-filter-active ts-03operations-et-tactiques ts-id-30 \"><div style=\"margin-left:auto; margin-right:auto; max-width:280px;\"><span class=\"ts-square \"><img src='https:\/\/www.reconnaissancegroup.com\/wp-content\/uploads\/2018\/09\/Roland-Bodolai-280x400.jpg' width='280' \/><span class=\"tshowcase-hover-info\"><div class='tshowcase-box-info ts-align-center '><div class='tshowcase-box-info-inner'><div class=\"tshowcase-box-title\" itemprop=\"name\"><a href=\"https:\/\/www.reconnaissancegroup.com\/fr\/equipe\/roland-bodolai\/\" class=\"\" rel=\"\">Roland Bodolai<\/a><\/div><div class='tshowcase-box-details'><div itemprop=\"jobTitle\" class=\"tshowcase-single-position\">Directeur des op\u00e9rations<\/div><\/div><div class='tshowcase-box-social'><\/div><\/div><\/div><\/span><\/span> <\/div><\/div><div  class=\"tshowcase-hover-box ts-col_5  tshowcase-filter-active ts-03operations-et-tactiques ts-id-30 \"><div style=\"margin-left:auto; margin-right:auto; max-width:280px;\"><span class=\"ts-square \"><img src='https:\/\/www.reconnaissancegroup.com\/wp-content\/uploads\/2018\/09\/Marion-Gacho-280x400.jpg' width='280' \/><span class=\"tshowcase-hover-info\"><div class='tshowcase-box-info ts-align-center '><div class='tshowcase-box-info-inner'><div class=\"tshowcase-box-title\" itemprop=\"name\"><a href=\"https:\/\/www.reconnaissancegroup.com\/fr\/equipe\/marian-gacho\/\" class=\"\" rel=\"\">Marian Gacho<\/a><\/div><div class='tshowcase-box-details'><div itemprop=\"jobTitle\" class=\"tshowcase-single-position\">Directeur des op\u00e9rations<\/div><\/div><div class='tshowcase-box-social'><a href='mailto:mg&#64;reconnaissancegroup.com' rel='nofollow' target='_blank'><i class='fas fa-envelope fa-lg'><\/i><\/a><a href='https:\/\/www.linkedin.com\/in\/gacho-marian-79168b111\/' rel='nofollow' target='_blank'><i class='fab fa-linkedin fa-lg'><\/i><\/a><\/div><\/div><\/div><\/span><\/span> <\/div><\/div><div  class=\"tshowcase-hover-box ts-col_5  tshowcase-filter-active ts-01lequipe-de-direction ts-id-28 \"><div style=\"margin-left:auto; margin-right:auto; max-width:280px;\"><span class=\"ts-square \"><img src='https:\/\/www.reconnaissancegroup.com\/wp-content\/uploads\/2018\/09\/Clive-Dunne-Profile-400.jpg' width='280' \/><span class=\"tshowcase-hover-info\"><div class='tshowcase-box-info ts-align-center '><div class='tshowcase-box-info-inner'><div class=\"tshowcase-box-title\" itemprop=\"name\"><a href=\"https:\/\/www.reconnaissancegroup.com\/fr\/equipe\/clive-dunne\/\" class=\"\" rel=\"\">Clive Dunne<\/a><\/div><div class='tshowcase-box-details'><div itemprop=\"jobTitle\" class=\"tshowcase-single-position\">Directeur des Op\u00e9rations<\/div><\/div><div class='tshowcase-box-social'><a href='mailto:clive.dunne&#64;reconnaissancegroup.com' rel='nofollow' target='_blank'><i class='fas fa-envelope fa-lg'><\/i><\/a><a href='https:\/\/www.linkedin.com\/in\/clive-dunne-802288105\/' rel='nofollow' target='_blank'><i class='fab fa-linkedin fa-lg'><\/i><\/a><\/div><\/div><\/div><\/span><\/span> <\/div><\/div><div  class=\"tshowcase-hover-box ts-col_5  tshowcase-filter-active ts-05commercial-et-marketing ts-id-32 \"><div style=\"margin-left:auto; margin-right:auto; max-width:280px;\"><span class=\"ts-square \"><img src='https:\/\/www.reconnaissancegroup.com\/wp-content\/uploads\/2022\/03\/IMG_8313b-280x400.jpg' width='280' \/><span class=\"tshowcase-hover-info\"><div class='tshowcase-box-info ts-align-center '><div class='tshowcase-box-info-inner'><div class=\"tshowcase-box-title\" itemprop=\"name\"><a href=\"https:\/\/www.reconnaissancegroup.com\/fr\/equipe\/bertinejoseph\/\" class=\"\" rel=\"\">Bertine Joseph<\/a><\/div><div class='tshowcase-box-details'><div itemprop=\"jobTitle\" class=\"tshowcase-single-position\">Directeur de ventes<\/div><\/div><div class='tshowcase-box-social'><a href='mailto:Bertine.joseph&#64;reconnaissancegroup.com' rel='nofollow' target='_blank'><i class='fas fa-envelope fa-lg'><\/i><\/a><a href='https:\/\/www.linkedin.com\/in\/bertinegjoseph74\/' rel='nofollow' target='_blank'><i class='fab fa-linkedin fa-lg'><\/i><\/a><\/div><\/div><\/div><\/span><\/span> <\/div><\/div><\/div><\/div><\/div>[\/vc_column][\/vc_row]<\/p>\n<\/div>","protected":false},"excerpt":{"rendered":"<p>[vc_row][vc_column][vc_custom_heading text=\u00a0\u00bbRencontrez notre \u00e9quipe\u00a0\u00bb font_container=\u00a0\u00bbtag:h1|text_align:left\u00a0\u00bb use_theme_fonts=\u00a0\u00bbyes\u00a0\u00bb][vc_column_text]Notre \u00e9quipe provient de milieux tels que la s\u00e9curit\u00e9, l&rsquo;arm\u00e9e, la police, le milieu juridique, les finances et les affaires, et dispose d&rsquo;une riche exp\u00e9rience [&hellip;]<\/p>\n","protected":false},"author":1,"featured_media":0,"parent":0,"menu_order":0,"comment_status":"closed","ping_status":"closed","template":"","meta":{"_acf_changed":false,"_genesis_hide_title":false,"_genesis_hide_breadcrumbs":false,"_genesis_hide_singular_image":false,"_genesis_hide_footer_widgets":false,"_genesis_custom_body_class":"","_genesis_custom_post_class":"","_genesis_layout":"","footnotes":""},"class_list":{"0":"post-1608","1":"page","2":"type-page","3":"status-publish","5":"entry"},"acf":[],"yoast_head":"<!-- This site is optimized with the Yoast SEO plugin v27.5 - https:\/\/yoast.com\/product\/yoast-seo-wordpress\/ -->\n<title>Rencontrez notre \u00e9quipe - Reconnaissance Group Security Solutions<\/title>\n<meta name=\"robots\" content=\"index, follow, max-snippet:-1, max-image-preview:large, max-video-preview:-1\" \/>\n<link rel=\"canonical\" href=\"https:\/\/www.reconnaissancegroup.com\/fr\/rencontrez-notre-equipe\/\" \/>\n<meta property=\"og:locale\" content=\"fr_FR\" \/>\n<meta property=\"og:type\" content=\"article\" \/>\n<meta property=\"og:title\" content=\"Rencontrez notre \u00e9quipe - Reconnaissance Group Security Solutions\" \/>\n<meta property=\"og:description\" content=\"[vc_row][vc_column][vc_custom_heading text=\u00a0\u00bbRencontrez notre \u00e9quipe\u00a0\u00bb font_container=\u00a0\u00bbtag:h1|text_align:left\u00a0\u00bb use_theme_fonts=\u00a0\u00bbyes\u00a0\u00bb][vc_column_text]Notre \u00e9quipe provient de milieux tels que la s\u00e9curit\u00e9, l&rsquo;arm\u00e9e, la police, le milieu juridique, les finances et les affaires, et dispose d&rsquo;une riche exp\u00e9rience [&hellip;]\" \/>\n<meta property=\"og:url\" content=\"https:\/\/www.reconnaissancegroup.com\/fr\/rencontrez-notre-equipe\/\" \/>\n<meta property=\"og:site_name\" content=\"Reconnaissance Group Security Solutions\" \/>\n<meta property=\"article:modified_time\" content=\"2021-05-17T15:44:57+00:00\" \/>\n<meta name=\"twitter:card\" content=\"summary_large_image\" \/>\n<meta name=\"twitter:label1\" content=\"Dur\u00e9e de lecture estim\u00e9e\" \/>\n\t<meta name=\"twitter:data1\" content=\"1 minute\" \/>\n<script type=\"application\/ld+json\" class=\"yoast-schema-graph\">{\"@context\":\"https:\\\/\\\/schema.org\",\"@graph\":[{\"@type\":\"WebPage\",\"@id\":\"https:\\\/\\\/www.reconnaissancegroup.com\\\/fr\\\/rencontrez-notre-equipe\\\/\",\"url\":\"https:\\\/\\\/www.reconnaissancegroup.com\\\/fr\\\/rencontrez-notre-equipe\\\/\",\"name\":\"Rencontrez notre \u00e9quipe - Reconnaissance Group Security Solutions\",\"isPartOf\":{\"@id\":\"https:\\\/\\\/www.reconnaissancegroup.com\\\/#website\"},\"datePublished\":\"2018-08-31T14:34:02+00:00\",\"dateModified\":\"2021-05-17T15:44:57+00:00\",\"breadcrumb\":{\"@id\":\"https:\\\/\\\/www.reconnaissancegroup.com\\\/fr\\\/rencontrez-notre-equipe\\\/#breadcrumb\"},\"inLanguage\":\"fr-FR\",\"potentialAction\":[{\"@type\":\"ReadAction\",\"target\":[\"https:\\\/\\\/www.reconnaissancegroup.com\\\/fr\\\/rencontrez-notre-equipe\\\/\"]}]},{\"@type\":\"BreadcrumbList\",\"@id\":\"https:\\\/\\\/www.reconnaissancegroup.com\\\/fr\\\/rencontrez-notre-equipe\\\/#breadcrumb\",\"itemListElement\":[{\"@type\":\"ListItem\",\"position\":1,\"name\":\"Home\",\"item\":\"https:\\\/\\\/www.reconnaissancegroup.com\\\/fr\\\/\"},{\"@type\":\"ListItem\",\"position\":2,\"name\":\"Rencontrez notre \u00e9quipe\"}]},{\"@type\":\"WebSite\",\"@id\":\"https:\\\/\\\/www.reconnaissancegroup.com\\\/#website\",\"url\":\"https:\\\/\\\/www.reconnaissancegroup.com\\\/\",\"name\":\"Reconnaissance Group Security Solutions\",\"description\":\"Reconnaissance Group provides security services and solutions to enable our clients to operate normal business activities in abnormal business environments.\",\"publisher\":{\"@id\":\"https:\\\/\\\/www.reconnaissancegroup.com\\\/#organization\"},\"potentialAction\":[{\"@type\":\"SearchAction\",\"target\":{\"@type\":\"EntryPoint\",\"urlTemplate\":\"https:\\\/\\\/www.reconnaissancegroup.com\\\/?s={search_term_string}\"},\"query-input\":{\"@type\":\"PropertyValueSpecification\",\"valueRequired\":true,\"valueName\":\"search_term_string\"}}],\"inLanguage\":\"fr-FR\"},{\"@type\":\"Organization\",\"@id\":\"https:\\\/\\\/www.reconnaissancegroup.com\\\/#organization\",\"name\":\"Reconnaissance Group\",\"url\":\"https:\\\/\\\/www.reconnaissancegroup.com\\\/\",\"logo\":{\"@type\":\"ImageObject\",\"inLanguage\":\"fr-FR\",\"@id\":\"https:\\\/\\\/www.reconnaissancegroup.com\\\/#\\\/schema\\\/logo\\\/image\\\/\",\"url\":\"https:\\\/\\\/www.reconnaissancegroup.com\\\/wp-content\\\/uploads\\\/2018\\\/09\\\/reconn-logo-login.png\",\"contentUrl\":\"https:\\\/\\\/www.reconnaissancegroup.com\\\/wp-content\\\/uploads\\\/2018\\\/09\\\/reconn-logo-login.png\",\"width\":300,\"height\":80,\"caption\":\"Reconnaissance Group\"},\"image\":{\"@id\":\"https:\\\/\\\/www.reconnaissancegroup.com\\\/#\\\/schema\\\/logo\\\/image\\\/\"},\"sameAs\":[\"https:\\\/\\\/www.linkedin.com\\\/company\\\/reconnaissance-group?trk=tyah&amp;amp;ampampamptrkInfo=tarId1414572360952tasreconnaissanceidx3-2-7\"]}]}<\/script>\n<!-- \/ Yoast SEO plugin. -->","yoast_head_json":{"title":"Rencontrez notre \u00e9quipe - Reconnaissance Group Security Solutions","robots":{"index":"index","follow":"follow","max-snippet":"max-snippet:-1","max-image-preview":"max-image-preview:large","max-video-preview":"max-video-preview:-1"},"canonical":"https:\/\/www.reconnaissancegroup.com\/fr\/rencontrez-notre-equipe\/","og_locale":"fr_FR","og_type":"article","og_title":"Rencontrez notre \u00e9quipe - Reconnaissance Group Security Solutions","og_description":"[vc_row][vc_column][vc_custom_heading text=\u00a0\u00bbRencontrez notre \u00e9quipe\u00a0\u00bb font_container=\u00a0\u00bbtag:h1|text_align:left\u00a0\u00bb use_theme_fonts=\u00a0\u00bbyes\u00a0\u00bb][vc_column_text]Notre \u00e9quipe provient de milieux tels que la s\u00e9curit\u00e9, l&rsquo;arm\u00e9e, la police, le milieu juridique, les finances et les affaires, et dispose d&rsquo;une riche exp\u00e9rience [&hellip;]","og_url":"https:\/\/www.reconnaissancegroup.com\/fr\/rencontrez-notre-equipe\/","og_site_name":"Reconnaissance Group Security Solutions","article_modified_time":"2021-05-17T15:44:57+00:00","twitter_card":"summary_large_image","twitter_misc":{"Dur\u00e9e de lecture estim\u00e9e":"1 minute"},"schema":{"@context":"https:\/\/schema.org","@graph":[{"@type":"WebPage","@id":"https:\/\/www.reconnaissancegroup.com\/fr\/rencontrez-notre-equipe\/","url":"https:\/\/www.reconnaissancegroup.com\/fr\/rencontrez-notre-equipe\/","name":"Rencontrez notre \u00e9quipe - Reconnaissance Group Security Solutions","isPartOf":{"@id":"https:\/\/www.reconnaissancegroup.com\/#website"},"datePublished":"2018-08-31T14:34:02+00:00","dateModified":"2021-05-17T15:44:57+00:00","breadcrumb":{"@id":"https:\/\/www.reconnaissancegroup.com\/fr\/rencontrez-notre-equipe\/#breadcrumb"},"inLanguage":"fr-FR","potentialAction":[{"@type":"ReadAction","target":["https:\/\/www.reconnaissancegroup.com\/fr\/rencontrez-notre-equipe\/"]}]},{"@type":"BreadcrumbList","@id":"https:\/\/www.reconnaissancegroup.com\/fr\/rencontrez-notre-equipe\/#breadcrumb","itemListElement":[{"@type":"ListItem","position":1,"name":"Home","item":"https:\/\/www.reconnaissancegroup.com\/fr\/"},{"@type":"ListItem","position":2,"name":"Rencontrez notre \u00e9quipe"}]},{"@type":"WebSite","@id":"https:\/\/www.reconnaissancegroup.com\/#website","url":"https:\/\/www.reconnaissancegroup.com\/","name":"Reconnaissance Group Security Solutions","description":"Reconnaissance Group provides security services and solutions to enable our clients to operate normal business activities in abnormal business environments.","publisher":{"@id":"https:\/\/www.reconnaissancegroup.com\/#organization"},"potentialAction":[{"@type":"SearchAction","target":{"@type":"EntryPoint","urlTemplate":"https:\/\/www.reconnaissancegroup.com\/?s={search_term_string}"},"query-input":{"@type":"PropertyValueSpecification","valueRequired":true,"valueName":"search_term_string"}}],"inLanguage":"fr-FR"},{"@type":"Organization","@id":"https:\/\/www.reconnaissancegroup.com\/#organization","name":"Reconnaissance Group","url":"https:\/\/www.reconnaissancegroup.com\/","logo":{"@type":"ImageObject","inLanguage":"fr-FR","@id":"https:\/\/www.reconnaissancegroup.com\/#\/schema\/logo\/image\/","url":"https:\/\/www.reconnaissancegroup.com\/wp-content\/uploads\/2018\/09\/reconn-logo-login.png","contentUrl":"https:\/\/www.reconnaissancegroup.com\/wp-content\/uploads\/2018\/09\/reconn-logo-login.png","width":300,"height":80,"caption":"Reconnaissance Group"},"image":{"@id":"https:\/\/www.reconnaissancegroup.com\/#\/schema\/logo\/image\/"},"sameAs":["https:\/\/www.linkedin.com\/company\/reconnaissance-group?trk=tyah&amp;amp;ampampamptrkInfo=tarId1414572360952tasreconnaissanceidx3-2-7"]}]}},"_links":{"self":[{"href":"https:\/\/www.reconnaissancegroup.com\/fr\/wp-json\/wp\/v2\/pages\/1608","targetHints":{"allow":["GET"]}}],"collection":[{"href":"https:\/\/www.reconnaissancegroup.com\/fr\/wp-json\/wp\/v2\/pages"}],"about":[{"href":"https:\/\/www.reconnaissancegroup.com\/fr\/wp-json\/wp\/v2\/types\/page"}],"author":[{"embeddable":true,"href":"https:\/\/www.reconnaissancegroup.com\/fr\/wp-json\/wp\/v2\/users\/1"}],"replies":[{"embeddable":true,"href":"https:\/\/www.reconnaissancegroup.com\/fr\/wp-json\/wp\/v2\/comments?post=1608"}],"version-history":[{"count":7,"href":"https:\/\/www.reconnaissancegroup.com\/fr\/wp-json\/wp\/v2\/pages\/1608\/revisions"}],"predecessor-version":[{"id":1718,"href":"https:\/\/www.reconnaissancegroup.com\/fr\/wp-json\/wp\/v2\/pages\/1608\/revisions\/1718"}],"wp:attachment":[{"href":"https:\/\/www.reconnaissancegroup.com\/fr\/wp-json\/wp\/v2\/media?parent=1608"}],"curies":[{"name":"wp","href":"https:\/\/api.w.org\/{rel}","templated":true}]}}