{"id":1599,"date":"2018-08-31T15:33:40","date_gmt":"2018-08-31T14:33:40","guid":{"rendered":"https:\/\/www.reconnaissancegroup.com\/about-us\/"},"modified":"2021-05-18T09:22:37","modified_gmt":"2021-05-18T08:22:37","slug":"a-propos-de-nous","status":"publish","type":"page","link":"https:\/\/www.reconnaissancegroup.com\/fr\/a-propos-de-nous\/","title":{"rendered":"\u00c0 propos de nous"},"content":{"rendered":"<div class=\"wpb-content-wrapper\"><p>[vc_row full_width=\u00a0\u00bbstretch_row\u00a0\u00bb css=\u00a0\u00bb.vc_custom_1617097753665{background-image: url(https:\/\/www.reconnaissancegroup.com\/wp-content\/uploads\/2021\/03\/About-us-Resize-Flip-filter.jpeg?id=2189) !important;background-position: center !important;background-repeat: no-repeat !important;background-size: cover !important;}\u00a0\u00bb el_class=\u00a0\u00bbfull-hero\u00a0\u00bb][vc_column width=\u00a0\u00bb1\/2&Prime;][vc_empty_space height=\u00a0\u00bb100px\u00a0\u00bb][vc_custom_heading text=\u00a0\u00bb\u00c0 propos de nous\u00a0\u00bb font_container=\u00a0\u00bbtag:h1|text_align:left|color:%23ffffff\u00a0\u00bb use_theme_fonts=\u00a0\u00bbyes\u00a0\u00bb][vc_column_text el_class=\u00a0\u00bbwhite-text\u00a0\u00bb]Gr\u00e2ce \u00e0 notre vaste pr\u00e9sence mondiale, nous avons rassembl\u00e9e une \u00e9quipe d&rsquo;experts provenant de milieux vari\u00e9s afin d&rsquo;obtenir des r\u00e9sultats quantifiables cibl\u00e9s.[\/vc_column_text][\/vc_column][vc_column width=\u00a0\u00bb1\/2&Prime;][\/vc_column][\/vc_row][vc_row content_placement=\u00a0\u00bbtop\u00a0\u00bb css_animation=\u00a0\u00bbslideInUp\u00a0\u00bb][vc_column width=\u00a0\u00bb2\/5&Prime;][vc_custom_heading text=\u00a0\u00bbNotre \u00e9quipe est la cl\u00e9 de notre succ\u00e8s, aussi bien de par le pass\u00e9 qu&rsquo;\u00e0 l&rsquo;avenir, et l&rsquo;investissement dans notre \u00e9quipe est toujours une des valeurs fondamentales de notre entreprise.\u00a0\u00bb font_container=\u00a0\u00bbtag:h4|text_align:right\u00a0\u00bb use_theme_fonts=\u00a0\u00bbyes\u00a0\u00bb css=\u00a0\u00bb.vc_custom_1542877737436{margin-top: 0px !important;}\u00a0\u00bb el_class=\u00a0\u00bbcenter-on-mobile\u00a0\u00bb][\/vc_column][vc_column width=\u00a0\u00bb3\/5&Prime;][vc_column_text]Notre \u00e9quipe provient de milieux tels que la s\u00e9curit\u00e9, l&rsquo;arm\u00e9e, la police, le milieu juridique, les finances et les affaires, et dispose d&rsquo;une riche exp\u00e9rience et de nombreuses qualifications dans ces domaines. Cr\u00e9\u00e9 en 2006, Reconnaissance Group a beaucoup travaill\u00e9 dans plusieurs parties du monde reconnues comme les plus difficiles, surmontant des obstacles op\u00e9rationnels et \u00e9conomiques.<\/p>\n<p>Bas\u00e9 \u00e0 Dublin, avec des bureaux \u00e0 New York et \u00e0 Port-au-Prince, notre approche de gestion des risques suit un processus clair et d\u00e9finissable d&rsquo;identification, de quantification et de r\u00e9duction des risques pour les entreprises. Notre travail en \u00e9troite collaboration avec les clients afin de comprendre leurs objectifs strat\u00e9giques nous permet de cr\u00e9er et de mettre en place une gamme de services complets pour r\u00e9duire les risques auxquels s&rsquo;expose l&rsquo;entreprise tout en favorisant la durabilit\u00e9 par le biais de pratiques de continuit\u00e9 des activit\u00e9s.[\/vc_column_text][\/vc_column][\/vc_row][vc_row full_width=\u00a0\u00bbstretch_row_content\u00a0\u00bb css_animation=\u00a0\u00bbslideInUp\u00a0\u00bb css=\u00a0\u00bb.vc_custom_1539255528103{padding-top: 30px !important;padding-bottom: 0px !important;}\u00a0\u00bb][vc_column css=\u00a0\u00bb.vc_custom_1536066385223{padding-right: 0px !important;padding-left: 0px !important;}\u00a0\u00bb]<div class=\"carousel-slider-outer carousel-slider-outer-image-carousel carousel-slider-outer-966\" style=\"--carousel-slider-nav-color:#f1f1f1;--carousel-slider-active-nav-color:#00d1b2;--carousel-slider-arrow-size:48px;--carousel-slider-bullet-size:10px\">\n<div id=\"&#039;id-966\" class=\"carousel-slider carousel-slider-966 arrows-visibility-always dots-visibility-never arrows-inside dots-center dots-square owl-carousel\" data-slide-type=\"image-carousel\" data-owl-settings='{\"nav\":true,\"dots\":false,\"slideBy\":1,\"stagePadding\":0,\"margin\":0,\"loop\":true,\"lazyLoad\":false,\"autoplay\":true,\"autoplayTimeout\":5000,\"autoplaySpeed\":500,\"autoplayHoverPause\":true,\"autoWidth\":false,\"responsive\":{\"300\":{\"items\":1},\"576\":{\"items\":2},\"768\":{\"items\":2},\"1024\":{\"items\":3},\"1280\":{\"items\":4},\"1536\":{\"items\":5}}}'>\n<div class=\"carousel-slider__item\">\n\t<img loading=\"lazy\" decoding=\"async\" width=\"480\" height=\"320\" src=\"https:\/\/www.reconnaissancegroup.com\/wp-content\/uploads\/2018\/09\/RG-1117-53.jpg\" class=\"attachment-full size-full\" alt=\"\" \/><\/a><\/div>\n\n<div class=\"carousel-slider__item\">\n\t<img loading=\"lazy\" decoding=\"async\" width=\"480\" height=\"320\" src=\"https:\/\/www.reconnaissancegroup.com\/wp-content\/uploads\/2018\/09\/180625_JBP_047.jpg\" class=\"attachment-full size-full\" alt=\"\" \/><\/a><\/div>\n\n<div class=\"carousel-slider__item\">\n\t<img loading=\"lazy\" decoding=\"async\" width=\"480\" height=\"320\" src=\"https:\/\/www.reconnaissancegroup.com\/wp-content\/uploads\/2018\/09\/RG-1117-40.jpg\" class=\"attachment-full size-full\" alt=\"\" \/><\/a><\/div>\n\n<div class=\"carousel-slider__item\">\n\t<img loading=\"lazy\" decoding=\"async\" width=\"480\" height=\"320\" src=\"https:\/\/www.reconnaissancegroup.com\/wp-content\/uploads\/2018\/09\/RG-1117-56-480.jpg\" class=\"attachment-full size-full\" alt=\"\" \/><\/a><\/div>\n\n<\/div><!-- .carousel-slider-966 -->\n<\/div><!-- .carousel-slider-outer-966 -->\n[\/vc_column][\/vc_row][vc_row full_width=\u00a0\u00bbstretch_row\u00a0\u00bb css_animation=\u00a0\u00bbslideInUp\u00a0\u00bb bg_top_mobile=\u00a0\u00bbyes\u00a0\u00bb css=\u00a0\u00bb.vc_custom_1621326152399{background-image: url(https:\/\/www.reconnaissancegroup.com\/wp-content\/uploads\/2021\/05\/our-mission-2-men-looking-at-map-2.jpg?id=2240) !important;background-position: center !important;background-repeat: no-repeat !important;background-size: cover !important;}\u00a0\u00bb][vc_column width=\u00a0\u00bb1\/2&Prime;][\/vc_column][vc_column width=\u00a0\u00bb1\/2&Prime;][vc_custom_heading text=\u00a0\u00bbNotre mission\u00a0\u00bb use_theme_fonts=\u00a0\u00bbyes\u00a0\u00bb][vc_column_text]Notre objectif en tant que soci\u00e9t\u00e9 de gestion globale des risques est de fournir \u00e0 nos clients et nos partenaires des solutions compl\u00e8tes ax\u00e9es sur le client pour faciliter la croissance et le d\u00e9veloppement de leur entreprise. Nous sommes les leaders du march\u00e9 gr\u00e2ce \u00e0 notre expertise, int\u00e9grit\u00e9 et professionnalisme.[\/vc_column_text][\/vc_column][\/vc_row][vc_row full_width=\u00a0\u00bbstretch_row\u00a0\u00bb css_animation=\u00a0\u00bbslideInUp\u00a0\u00bb css=\u00a0\u00bb.vc_custom_1539255550695{padding-top: 50px !important;padding-bottom: 50px !important;background-color: #f0f0f0 !important;}\u00a0\u00bb][vc_column][vc_custom_heading text=\u00a0\u00bbNos valeurs\u00a0\u00bb use_theme_fonts=\u00a0\u00bbyes\u00a0\u00bb][vc_row_inner css=\u00a0\u00bb.vc_custom_1536659339540{padding-top: 20px !important;padding-bottom: 20px !important;}\u00a0\u00bb][vc_column_inner width=\u00a0\u00bb1\/2&Prime;][vc_column_text]<strong>L&rsquo;INVESTISSEMENT<\/strong><br \/>\nNous reconnaissons que notre succ\u00e8s n&rsquo;est possible qu&rsquo;en investissant dans notre personnel.<\/p>\n<p><strong>L&rsquo;INT\u00c9GRIT\u00c9<\/strong><br \/>\nCelle-ci est bas\u00e9e sur la transparence, l&rsquo;honn\u00eatet\u00e9 et l&rsquo;\u00e9thique de chaque d\u00e9cision prise.[\/vc_column_text][\/vc_column_inner][vc_column_inner width=\u00a0\u00bb1\/2&Prime;][vc_column_text]<strong>GUID\u00c9S PAR NOTRE MISSION<\/strong><br \/>\nNous concentrons notre \u00e9nergie et notre passion dans notre travail afin d&rsquo;obtenir des r\u00e9sultats exceptionnels pour nos clients.[\/vc_column_text][\/vc_column_inner][\/vc_row_inner][\/vc_column][\/vc_row][vc_row full_width=\u00a0\u00bbstretch_row_content_no_spaces\u00a0\u00bb css_animation=\u00a0\u00bbslideInUp\u00a0\u00bb css=\u00a0\u00bb.vc_custom_1539255579047{padding-top: 0px !important;padding-right: 0px !important;padding-bottom: 0px !important;padding-left: 0px !important;background-color: #171f32 !important;}\u00a0\u00bb][vc_column css=\u00a0\u00bb.vc_custom_1538039733714{padding-top: 0px !important;padding-bottom: 0px !important;}\u00a0\u00bb][vc_single_image image=\u00a0\u00bb1581&Prime; img_size=\u00a0\u00bbfull\u00a0\u00bb alignment=\u00a0\u00bbcenter\u00a0\u00bb css=\u00a0\u00bb.vc_custom_1538039767415{margin-top: 0px !important;margin-bottom: 0px !important;padding-top: 0px !important;padding-bottom: 0px !important;}\u00a0\u00bb][\/vc_column][\/vc_row][vc_section full_width=\u00a0\u00bbstretch_row\u00a0\u00bb css_animation=\u00a0\u00bbslideInUp\u00a0\u00bb css=\u00a0\u00bb.vc_custom_1539255591374{background-color: #171f32 !important;}\u00a0\u00bb][vc_row][vc_column][vc_custom_heading text=\u00a0\u00bbNotre processus\u00a0\u00bb font_container=\u00a0\u00bbtag:h2|text_align:left|color:%23ffffff\u00a0\u00bb use_theme_fonts=\u00a0\u00bbyes\u00a0\u00bb][vc_column_text el_class=\u00a0\u00bbwhite-text\u00a0\u00bb]La certitude dans un monde incertain est souvent ce que les compagnies recherchent lorsqu&rsquo;elles sont pr\u00e9occup\u00e9es. Non seulement nous comprenons ce besoin, ayant travaill\u00e9s dans certains des pays les plus instables du monde, mais nous l&rsquo;avons \u00e9galement v\u00e9cu. Nos ann\u00e9es d&rsquo;exp\u00e9rience nous ont permis de d\u00e9velopper une approche aguerrie de la gestion des risques. Cette approche simple et transparente fournit un processus quantitatif et qualitatif de gestion des risques et de continuit\u00e9 des activit\u00e9s.<\/p>\n<p>Nous croyons si fermement en notre processus que nous avons rebaptis\u00e9 notre compagnie en 2018 pour refl\u00e9ter les trois piliers de ce processus.[\/vc_column_text][\/vc_column][\/vc_row][vc_row css=\u00a0\u00bb.vc_custom_1538040064007{padding-top: 0px !important;}\u00a0\u00bb][vc_column width=\u00a0\u00bb1\/3&Prime;][vc_single_image image=\u00a0\u00bb1574&Prime; img_size=\u00a0\u00bbfull\u00a0\u00bb alignment=\u00a0\u00bbcenter\u00a0\u00bb][vc_column_text el_class=\u00a0\u00bbwhite-text\u00a0\u00bb]<\/p>\n<p style=\"text-align: center;\"><strong>L&rsquo;IDENTIFICATION DES RISQUES<\/strong><br \/>\nPar le biais de techniques perfectionn\u00e9es telles que des audits, des entretiens, des analyses de donn\u00e9es et des recherches, nous \u00e9tudions, reconnaissons et d\u00e9taillons les risques qui pourraient affecter l&rsquo;entreprise.<\/p>\n<p>[\/vc_column_text][\/vc_column][vc_column width=\u00a0\u00bb1\/3&Prime;][vc_single_image image=\u00a0\u00bb1576&Prime; img_size=\u00a0\u00bbfull\u00a0\u00bb alignment=\u00a0\u00bbcenter\u00a0\u00bb][vc_column_text el_class=\u00a0\u00bbwhite-text\u00a0\u00bb]<\/p>\n<p style=\"text-align: center;\"><strong>LA QUANTIFICATION DES RISQUES<\/strong><br \/>\nNous recensons ces risques, leur probabilit\u00e9 et leur impact par rapport aux objectifs strat\u00e9giques des entreprises en veillant \u00e0 ce que la hi\u00e9rarchisation des risques soit en accord avec les exigences et les ressources commerciales.<\/p>\n<p>[\/vc_column_text][\/vc_column][vc_column width=\u00a0\u00bb1\/3&Prime;][vc_single_image image=\u00a0\u00bb1575&Prime; img_size=\u00a0\u00bbfull\u00a0\u00bb alignment=\u00a0\u00bbcenter\u00a0\u00bb][vc_column_text el_class=\u00a0\u00bbwhite-text\u00a0\u00bb]<\/p>\n<p style=\"text-align: center;\"><strong>LA R\u00c9DUCTION DES RISQUES<\/strong><br \/>\nLa r\u00e9duction des risques par le biais de ressources, de processus et par l&rsquo;\u00e9ducation \u00e9tablit un plan clair et r\u00e9alisable avec des r\u00e9sultats attendus pour att\u00e9nuer les risques hi\u00e9rarchis\u00e9s au sein de l&rsquo;entreprise.<\/p>\n<p>[\/vc_column_text][\/vc_column][\/vc_row][\/vc_section][vc_row full_width=\u00a0\u00bbstretch_row_content\u00a0\u00bb equal_height=\u00a0\u00bbyes\u00a0\u00bb css_animation=\u00a0\u00bbslideInUp\u00a0\u00bb disable_element=\u00a0\u00bbyes\u00a0\u00bb css=\u00a0\u00bb.vc_custom_1572600528183{padding-top: 0px !important;padding-bottom: 0px !important;}\u00a0\u00bb][vc_column width=\u00a0\u00bb1\/2&Prime; css=\u00a0\u00bb.vc_custom_1540310496753{padding-top: 50px !important;padding-right: 100px !important;padding-bottom: 50px !important;padding-left: 100px !important;background-color: #ffffff !important;}\u00a0\u00bb el_class=\u00a0\u00bbtwo-text-col-full-width\u00a0\u00bb][vc_column_text]<\/p>\n<p style=\"text-align: center;\"><strong>D\u2019AVANTAGE SUR NOUS<\/strong><\/p>\n<p>[\/vc_column_text][vc_custom_heading text=\u00a0\u00bbNos soci\u00e9t\u00e9s\u00a0\u00bb font_container=\u00a0\u00bbtag:h3|text_align:center\u00a0\u00bb use_theme_fonts=\u00a0\u00bbyes\u00a0\u00bb][vc_column_text]<\/p>\n<p style=\"text-align: center;\">Nous avons cr\u00e9e deux soci\u00e9t\u00e9s sp\u00e9cialis\u00e9es pour identifier, quantifier et r\u00e9duire les risques commerciaux propres \u00e0 la cybers\u00e9curit\u00e9 et au capital humain.<\/p>\n<p>[\/vc_column_text][vc_btn title=\u00a0\u00bbEn savoir plus\u00a0\u00bb size=\u00a0\u00bblg\u00a0\u00bb align=\u00a0\u00bbcenter\u00a0\u00bb link=\u00a0\u00bburl:https%3A%2F%2Fwww.reconnaissancegroup.com%2Ffr%2Fnos-entreprises%2F|||\u00a0\u00bb][\/vc_column][vc_column width=\u00a0\u00bb1\/2&Prime; css=\u00a0\u00bb.vc_custom_1540310500877{padding-top: 50px !important;padding-right: 100px !important;padding-bottom: 50px !important;padding-left: 100px !important;background-color: #18a88c !important;}\u00a0\u00bb el_class=\u00a0\u00bbtwo-text-col-full-width\u00a0\u00bb][vc_column_text]<\/p>\n<p style=\"text-align: center;\"><strong>D\u2019AVANTAGE SUR NOUS<\/strong><\/p>\n<p>[\/vc_column_text][vc_custom_heading text=\u00a0\u00bbRencontrez l&rsquo;\u00e9quipe\u00a0\u00bb font_container=\u00a0\u00bbtag:h3|text_align:center|color:%23ffffff\u00a0\u00bb use_theme_fonts=\u00a0\u00bbyes\u00a0\u00bb][vc_column_text el_class=\u00a0\u00bbwhite-text\u00a0\u00bb]<\/p>\n<p style=\"text-align: center;\">Notre \u00e9quipe est la cl\u00e9 de notre succ\u00e8s, aussi bien de par le pass\u00e9 qu&rsquo;\u00e0 l&rsquo;avenir, et l&rsquo;investissement dans notre \u00e9quipe est toujours une des valeurs fondamentales de notre entreprise.<\/p>\n<p>[\/vc_column_text][vc_btn title=\u00a0\u00bbNotre personnel\u00a0\u00bb color=\u00a0\u00bbwhite\u00a0\u00bb size=\u00a0\u00bblg\u00a0\u00bb align=\u00a0\u00bbcenter\u00a0\u00bb link=\u00a0\u00bburl:https%3A%2F%2Fwww.reconnaissancegroup.com%2Ffr%2Frencontrez-notre-equipe%2F|||\u00a0\u00bb][\/vc_column][\/vc_row]<\/p>\n<\/div>","protected":false},"excerpt":{"rendered":"<p>[vc_row full_width=\u00a0\u00bbstretch_row\u00a0\u00bb css=\u00a0\u00bb.vc_custom_1617097753665{background-image: url(https:\/\/www.reconnaissancegroup.com\/wp-content\/uploads\/2021\/03\/About-us-Resize-Flip-filter.jpeg?id=2189) !important;background-position: center !important;background-repeat: no-repeat !important;background-size: cover !important;}\u00a0\u00bb el_class=\u00a0\u00bbfull-hero\u00a0\u00bb][vc_column width=\u00a0\u00bb1\/2&Prime;][vc_empty_space height=\u00a0\u00bb100px\u00a0\u00bb][vc_custom_heading text=\u00a0\u00bb\u00c0 propos de nous\u00a0\u00bb font_container=\u00a0\u00bbtag:h1|text_align:left|color:%23ffffff\u00a0\u00bb use_theme_fonts=\u00a0\u00bbyes\u00a0\u00bb][vc_column_text el_class=\u00a0\u00bbwhite-text\u00a0\u00bb]Gr\u00e2ce \u00e0 notre vaste pr\u00e9sence mondiale, nous avons rassembl\u00e9e une [&hellip;]<\/p>\n","protected":false},"author":1,"featured_media":0,"parent":0,"menu_order":0,"comment_status":"closed","ping_status":"closed","template":"","meta":{"_acf_changed":false,"_genesis_hide_title":false,"_genesis_hide_breadcrumbs":false,"_genesis_hide_singular_image":false,"_genesis_hide_footer_widgets":false,"_genesis_custom_body_class":"","_genesis_custom_post_class":"","_genesis_layout":"","footnotes":""},"class_list":{"0":"post-1599","1":"page","2":"type-page","3":"status-publish","5":"entry"},"acf":[],"yoast_head":"<!-- This site is optimized with the Yoast SEO plugin v27.5 - https:\/\/yoast.com\/product\/yoast-seo-wordpress\/ -->\n<title>\u00c0 propos de nous - Reconnaissance Group Security Solutions<\/title>\n<meta name=\"robots\" content=\"index, follow, max-snippet:-1, max-image-preview:large, max-video-preview:-1\" \/>\n<link rel=\"canonical\" href=\"https:\/\/www.reconnaissancegroup.com\/fr\/a-propos-de-nous\/\" \/>\n<meta property=\"og:locale\" content=\"fr_FR\" \/>\n<meta property=\"og:type\" content=\"article\" \/>\n<meta property=\"og:title\" content=\"\u00c0 propos de nous - Reconnaissance Group Security Solutions\" \/>\n<meta property=\"og:description\" content=\"[vc_row full_width=\u00a0\u00bbstretch_row\u00a0\u00bb css=\u00a0\u00bb.vc_custom_1617097753665{background-image: url(https:\/\/www.reconnaissancegroup.com\/wp-content\/uploads\/2021\/03\/About-us-Resize-Flip-filter.jpeg?id=2189) !important;background-position: center !important;background-repeat: no-repeat !important;background-size: cover !important;}\u00a0\u00bb el_class=\u00a0\u00bbfull-hero\u00a0\u00bb][vc_column width=\u00a0\u00bb1\/2&Prime;][vc_empty_space height=\u00a0\u00bb100px\u00a0\u00bb][vc_custom_heading text=\u00a0\u00bb\u00c0 propos de nous\u00a0\u00bb font_container=\u00a0\u00bbtag:h1|text_align:left|color:%23ffffff\u00a0\u00bb use_theme_fonts=\u00a0\u00bbyes\u00a0\u00bb][vc_column_text el_class=\u00a0\u00bbwhite-text\u00a0\u00bb]Gr\u00e2ce \u00e0 notre vaste pr\u00e9sence mondiale, nous avons rassembl\u00e9e une [&hellip;]\" \/>\n<meta property=\"og:url\" content=\"https:\/\/www.reconnaissancegroup.com\/fr\/a-propos-de-nous\/\" \/>\n<meta property=\"og:site_name\" content=\"Reconnaissance Group Security Solutions\" \/>\n<meta property=\"article:modified_time\" content=\"2021-05-18T08:22:37+00:00\" \/>\n<meta name=\"twitter:card\" content=\"summary_large_image\" \/>\n<meta name=\"twitter:label1\" content=\"Dur\u00e9e de lecture estim\u00e9e\" \/>\n\t<meta name=\"twitter:data1\" content=\"4 minutes\" \/>\n<script type=\"application\/ld+json\" class=\"yoast-schema-graph\">{\"@context\":\"https:\\\/\\\/schema.org\",\"@graph\":[{\"@type\":\"WebPage\",\"@id\":\"https:\\\/\\\/www.reconnaissancegroup.com\\\/fr\\\/a-propos-de-nous\\\/\",\"url\":\"https:\\\/\\\/www.reconnaissancegroup.com\\\/fr\\\/a-propos-de-nous\\\/\",\"name\":\"\u00c0 propos de nous - Reconnaissance Group Security Solutions\",\"isPartOf\":{\"@id\":\"https:\\\/\\\/www.reconnaissancegroup.com\\\/#website\"},\"datePublished\":\"2018-08-31T14:33:40+00:00\",\"dateModified\":\"2021-05-18T08:22:37+00:00\",\"breadcrumb\":{\"@id\":\"https:\\\/\\\/www.reconnaissancegroup.com\\\/fr\\\/a-propos-de-nous\\\/#breadcrumb\"},\"inLanguage\":\"fr-FR\",\"potentialAction\":[{\"@type\":\"ReadAction\",\"target\":[\"https:\\\/\\\/www.reconnaissancegroup.com\\\/fr\\\/a-propos-de-nous\\\/\"]}]},{\"@type\":\"BreadcrumbList\",\"@id\":\"https:\\\/\\\/www.reconnaissancegroup.com\\\/fr\\\/a-propos-de-nous\\\/#breadcrumb\",\"itemListElement\":[{\"@type\":\"ListItem\",\"position\":1,\"name\":\"Home\",\"item\":\"https:\\\/\\\/www.reconnaissancegroup.com\\\/fr\\\/\"},{\"@type\":\"ListItem\",\"position\":2,\"name\":\"\u00c0 propos de nous\"}]},{\"@type\":\"WebSite\",\"@id\":\"https:\\\/\\\/www.reconnaissancegroup.com\\\/#website\",\"url\":\"https:\\\/\\\/www.reconnaissancegroup.com\\\/\",\"name\":\"Reconnaissance Group Security Solutions\",\"description\":\"Reconnaissance Group provides security services and solutions to enable our clients to operate normal business activities in abnormal business environments.\",\"publisher\":{\"@id\":\"https:\\\/\\\/www.reconnaissancegroup.com\\\/#organization\"},\"potentialAction\":[{\"@type\":\"SearchAction\",\"target\":{\"@type\":\"EntryPoint\",\"urlTemplate\":\"https:\\\/\\\/www.reconnaissancegroup.com\\\/?s={search_term_string}\"},\"query-input\":{\"@type\":\"PropertyValueSpecification\",\"valueRequired\":true,\"valueName\":\"search_term_string\"}}],\"inLanguage\":\"fr-FR\"},{\"@type\":\"Organization\",\"@id\":\"https:\\\/\\\/www.reconnaissancegroup.com\\\/#organization\",\"name\":\"Reconnaissance Group\",\"url\":\"https:\\\/\\\/www.reconnaissancegroup.com\\\/\",\"logo\":{\"@type\":\"ImageObject\",\"inLanguage\":\"fr-FR\",\"@id\":\"https:\\\/\\\/www.reconnaissancegroup.com\\\/#\\\/schema\\\/logo\\\/image\\\/\",\"url\":\"https:\\\/\\\/www.reconnaissancegroup.com\\\/wp-content\\\/uploads\\\/2018\\\/09\\\/reconn-logo-login.png\",\"contentUrl\":\"https:\\\/\\\/www.reconnaissancegroup.com\\\/wp-content\\\/uploads\\\/2018\\\/09\\\/reconn-logo-login.png\",\"width\":300,\"height\":80,\"caption\":\"Reconnaissance Group\"},\"image\":{\"@id\":\"https:\\\/\\\/www.reconnaissancegroup.com\\\/#\\\/schema\\\/logo\\\/image\\\/\"},\"sameAs\":[\"https:\\\/\\\/www.linkedin.com\\\/company\\\/reconnaissance-group?trk=tyah&amp;amp;ampampamptrkInfo=tarId1414572360952tasreconnaissanceidx3-2-7\"]}]}<\/script>\n<!-- \/ Yoast SEO plugin. -->","yoast_head_json":{"title":"\u00c0 propos de nous - Reconnaissance Group Security Solutions","robots":{"index":"index","follow":"follow","max-snippet":"max-snippet:-1","max-image-preview":"max-image-preview:large","max-video-preview":"max-video-preview:-1"},"canonical":"https:\/\/www.reconnaissancegroup.com\/fr\/a-propos-de-nous\/","og_locale":"fr_FR","og_type":"article","og_title":"\u00c0 propos de nous - Reconnaissance Group Security Solutions","og_description":"[vc_row full_width=\u00a0\u00bbstretch_row\u00a0\u00bb css=\u00a0\u00bb.vc_custom_1617097753665{background-image: url(https:\/\/www.reconnaissancegroup.com\/wp-content\/uploads\/2021\/03\/About-us-Resize-Flip-filter.jpeg?id=2189) !important;background-position: center !important;background-repeat: no-repeat !important;background-size: cover !important;}\u00a0\u00bb el_class=\u00a0\u00bbfull-hero\u00a0\u00bb][vc_column width=\u00a0\u00bb1\/2&Prime;][vc_empty_space height=\u00a0\u00bb100px\u00a0\u00bb][vc_custom_heading text=\u00a0\u00bb\u00c0 propos de nous\u00a0\u00bb font_container=\u00a0\u00bbtag:h1|text_align:left|color:%23ffffff\u00a0\u00bb use_theme_fonts=\u00a0\u00bbyes\u00a0\u00bb][vc_column_text el_class=\u00a0\u00bbwhite-text\u00a0\u00bb]Gr\u00e2ce \u00e0 notre vaste pr\u00e9sence mondiale, nous avons rassembl\u00e9e une [&hellip;]","og_url":"https:\/\/www.reconnaissancegroup.com\/fr\/a-propos-de-nous\/","og_site_name":"Reconnaissance Group Security Solutions","article_modified_time":"2021-05-18T08:22:37+00:00","twitter_card":"summary_large_image","twitter_misc":{"Dur\u00e9e de lecture estim\u00e9e":"4 minutes"},"schema":{"@context":"https:\/\/schema.org","@graph":[{"@type":"WebPage","@id":"https:\/\/www.reconnaissancegroup.com\/fr\/a-propos-de-nous\/","url":"https:\/\/www.reconnaissancegroup.com\/fr\/a-propos-de-nous\/","name":"\u00c0 propos de nous - Reconnaissance Group Security Solutions","isPartOf":{"@id":"https:\/\/www.reconnaissancegroup.com\/#website"},"datePublished":"2018-08-31T14:33:40+00:00","dateModified":"2021-05-18T08:22:37+00:00","breadcrumb":{"@id":"https:\/\/www.reconnaissancegroup.com\/fr\/a-propos-de-nous\/#breadcrumb"},"inLanguage":"fr-FR","potentialAction":[{"@type":"ReadAction","target":["https:\/\/www.reconnaissancegroup.com\/fr\/a-propos-de-nous\/"]}]},{"@type":"BreadcrumbList","@id":"https:\/\/www.reconnaissancegroup.com\/fr\/a-propos-de-nous\/#breadcrumb","itemListElement":[{"@type":"ListItem","position":1,"name":"Home","item":"https:\/\/www.reconnaissancegroup.com\/fr\/"},{"@type":"ListItem","position":2,"name":"\u00c0 propos de nous"}]},{"@type":"WebSite","@id":"https:\/\/www.reconnaissancegroup.com\/#website","url":"https:\/\/www.reconnaissancegroup.com\/","name":"Reconnaissance Group Security Solutions","description":"Reconnaissance Group provides security services and solutions to enable our clients to operate normal business activities in abnormal business environments.","publisher":{"@id":"https:\/\/www.reconnaissancegroup.com\/#organization"},"potentialAction":[{"@type":"SearchAction","target":{"@type":"EntryPoint","urlTemplate":"https:\/\/www.reconnaissancegroup.com\/?s={search_term_string}"},"query-input":{"@type":"PropertyValueSpecification","valueRequired":true,"valueName":"search_term_string"}}],"inLanguage":"fr-FR"},{"@type":"Organization","@id":"https:\/\/www.reconnaissancegroup.com\/#organization","name":"Reconnaissance Group","url":"https:\/\/www.reconnaissancegroup.com\/","logo":{"@type":"ImageObject","inLanguage":"fr-FR","@id":"https:\/\/www.reconnaissancegroup.com\/#\/schema\/logo\/image\/","url":"https:\/\/www.reconnaissancegroup.com\/wp-content\/uploads\/2018\/09\/reconn-logo-login.png","contentUrl":"https:\/\/www.reconnaissancegroup.com\/wp-content\/uploads\/2018\/09\/reconn-logo-login.png","width":300,"height":80,"caption":"Reconnaissance Group"},"image":{"@id":"https:\/\/www.reconnaissancegroup.com\/#\/schema\/logo\/image\/"},"sameAs":["https:\/\/www.linkedin.com\/company\/reconnaissance-group?trk=tyah&amp;amp;ampampamptrkInfo=tarId1414572360952tasreconnaissanceidx3-2-7"]}]}},"_links":{"self":[{"href":"https:\/\/www.reconnaissancegroup.com\/fr\/wp-json\/wp\/v2\/pages\/1599","targetHints":{"allow":["GET"]}}],"collection":[{"href":"https:\/\/www.reconnaissancegroup.com\/fr\/wp-json\/wp\/v2\/pages"}],"about":[{"href":"https:\/\/www.reconnaissancegroup.com\/fr\/wp-json\/wp\/v2\/types\/page"}],"author":[{"embeddable":true,"href":"https:\/\/www.reconnaissancegroup.com\/fr\/wp-json\/wp\/v2\/users\/1"}],"replies":[{"embeddable":true,"href":"https:\/\/www.reconnaissancegroup.com\/fr\/wp-json\/wp\/v2\/comments?post=1599"}],"version-history":[{"count":11,"href":"https:\/\/www.reconnaissancegroup.com\/fr\/wp-json\/wp\/v2\/pages\/1599\/revisions"}],"predecessor-version":[{"id":2242,"href":"https:\/\/www.reconnaissancegroup.com\/fr\/wp-json\/wp\/v2\/pages\/1599\/revisions\/2242"}],"wp:attachment":[{"href":"https:\/\/www.reconnaissancegroup.com\/fr\/wp-json\/wp\/v2\/media?parent=1599"}],"curies":[{"name":"wp","href":"https:\/\/api.w.org\/{rel}","templated":true}]}}