{"id":1585,"date":"2018-08-30T09:44:17","date_gmt":"2018-08-30T08:44:17","guid":{"rendered":"https:\/\/www.reconnaissancegroup.com\/home\/"},"modified":"2026-02-10T13:15:56","modified_gmt":"2026-02-10T13:15:56","slug":"home","status":"publish","type":"page","link":"https:\/\/www.reconnaissancegroup.com\/fr\/","title":{"rendered":"Home"},"content":{"rendered":"<div class=\"wpb-content-wrapper\"><p>[vc_row full_width=\u00a0\u00bbstretch_row\u00a0\u00bb css=\u00a0\u00bb.vc_custom_1539610193793{background-image: url(https:\/\/www.reconnaissancegroup.com\/wp-content\/uploads\/2018\/10\/reconn-video-poster-image-02.jpg?id=1400) !important;background-position: center !important;background-repeat: no-repeat !important;background-size: cover !important;}\u00a0\u00bb][vc_column]<div class='gambit_video_row reconn-video' data-opacity='100' style='display: none'><video class=\"gambit_video_self_hosted\" autoPlay loop muted playsinline=\"true\" style=\"visibility: hidden\"><source src=\"https:\/\/www.reconnaissancegroup.com\/wp-content\/uploads\/2026\/02\/Reconnaissance_Group-hp-hero-720p.webm\" type=\"video\/webm\"><source src=\"https:\/\/www.reconnaissancegroup.com\/wp-content\/uploads\/2026\/02\/Reconnaissance_Group-hp-hero-720p.mp4\" type=\"video\/mp4\"><\/video><\/div>[vc_row_inner][vc_column_inner width=\u00a0\u00bb1\/2&Prime;][vc_empty_space height=\u00a0\u00bb200px\u00a0\u00bb][vc_custom_heading text=\u00a0\u00bbNous ne laissons rien au hasard\u00a0\u00bb font_container=\u00a0\u00bbtag:h2|text_align:left|color:%23ffffff\u00a0\u00bb use_theme_fonts=\u00a0\u00bbyes\u00a0\u00bb el_class=\u00a0\u00bbpage-title\u00a0\u00bb][vc_column_text el_class=\u00a0\u00bbwhite-text\u00a0\u00bb]Des solutions de gestion de risques de s\u00e9curit\u00e9 pour prot\u00e9ger votre entreprise.[\/vc_column_text][vc_btn title=\u00a0\u00bbEn savoir plus\u00a0\u00bb style=\u00a0\u00bbflat\u00a0\u00bb size=\u00a0\u00bblg\u00a0\u00bb link=\u00a0\u00bburl:https%3A%2F%2Fwww.reconnaissancegroup.com%2Ffr%2Fles-services%2Fla-securite-et-la-gestion-des-risques%2F|||\u00a0\u00bb][vc_column_text]<\/p>\n<a class='pum-trigger  popmake-1395  button video-button mobile-only' data-do-default=''>regarder la vid\u00e9o<br \/>\n<\/a>\n<p>[\/vc_column_text][\/vc_column_inner][vc_column_inner width=\u00a0\u00bb1\/2&Prime;][\/vc_column_inner][\/vc_row_inner][\/vc_column][\/vc_row][vc_row][vc_column][vc_custom_heading text=\u00a0\u00bbVotre guide dans un monde incertain\u00a0\u00bb font_container=\u00a0\u00bbtag:h3|text_align:center\u00a0\u00bb use_theme_fonts=\u00a0\u00bbyes\u00a0\u00bb][vc_row_inner content_placement=\u00a0\u00bbtop\u00a0\u00bb css=\u00a0\u00bb.vc_custom_1537371000658{padding-top: 0px !important;padding-bottom: 0px !important;}\u00a0\u00bb][vc_column_inner width=\u00a0\u00bb2\/5&Prime;][vc_custom_heading text=\u00a0\u00bbNous g\u00e9rons et r\u00e9duisons les risques pour votre entreprise par le biais de notre m\u00e9thodologie ax\u00e9e sur les processus.\u00a0\u00bb font_container=\u00a0\u00bbtag:h4|text_align:right\u00a0\u00bb use_theme_fonts=\u00a0\u00bbyes\u00a0\u00bb css=\u00a0\u00bb.vc_custom_1542903046928{margin-top: 0px !important;}\u00a0\u00bb el_class=\u00a0\u00bbcenter-on-mobile\u00a0\u00bb][\/vc_column_inner][vc_column_inner width=\u00a0\u00bb3\/5&Prime;][vc_column_text]Ayant exerc\u00e9 des activit\u00e9s dans certains des environnements les plus difficiles au monde, Reconnaissance Group offre des services sp\u00e9cialis\u00e9s de gestion des risques de s\u00e9curit\u00e9 et de continuit\u00e9 des activit\u00e9s \u00e9labor\u00e9s avec votre vision strat\u00e9gique \u00e0 l&rsquo;esprit. Par le biais d&rsquo;un cadre de gestion des risques, nous vous aidons \u00e0 tirer profit des opportunit\u00e9s tout en cr\u00e9ant une entreprise s\u00e9curis\u00e9e et durable.<\/p>\n<p>Depuis 2006, Reconnaissance Group, avec des bureaux \u00e0 Dublin, New York et Port-au-Prince, a fourni des services de s\u00e9curit\u00e9 sp\u00e9cialis\u00e9s \u00e0 un portefeuille de clients internationaux. Reconnaissance a fait ses preuves et dispose d&rsquo;une riche exp\u00e9rience qui vous est propos\u00e9e par une \u00e9quipe de professionnels de renomm\u00e9e mondiale. La passion, l&rsquo;engagement et la fiert\u00e9 de nos \u00e9quipes quant \u00e0 leur performance font partie int\u00e9grante de notre propre succ\u00e8s commercial. Son importance est refl\u00e9t\u00e9e dans sa place en tant que valeur fondamentale de l&rsquo;entreprise.[\/vc_column_text][\/vc_column_inner][\/vc_row_inner][\/vc_column][\/vc_row][vc_row full_width=\u00a0\u00bbstretch_row\u00a0\u00bb css_animation=\u00a0\u00bbslideInUp\u00a0\u00bb bg_top_mobile=\u00a0\u00bbyes\u00a0\u00bb bg-top-mobile=\u00a0\u00bbyes\u00a0\u00bb bg_type=\u00a0\u00bbbg_color\u00a0\u00bb css=\u00a0\u00bb.vc_custom_1539246423320{background: #171f32 url(https:\/\/www.reconnaissancegroup.com\/wp-content\/uploads\/2018\/08\/security-and-management.jpg?id=907) !important;background-position: center !important;background-repeat: no-repeat !important;background-size: cover !important;}\u00a0\u00bb][vc_column width=\u00a0\u00bb1\/2&Prime; css=\u00a0\u00bb.vc_custom_1535554866293{padding-top: 0px !important;}\u00a0\u00bb][\/vc_column][vc_column width=\u00a0\u00bb1\/2&Prime;][vc_custom_heading text=\u00a0\u00bbLa gestion des risques de s\u00e9curit\u00e9\u00a0\u00bb use_theme_fonts=\u00a0\u00bbyes\u00a0\u00bb][vc_custom_heading text=\u00a0\u00bbLa pr\u00e9voyance commence par une vision\u00a0\u00bb font_container=\u00a0\u00bbtag:h3|text_align:left|color:%23ffffff\u00a0\u00bb use_theme_fonts=\u00a0\u00bbyes\u00a0\u00bb][vc_column_text el_class=\u00a0\u00bbwhite-text\u00a0\u00bb]Nous concevons un cadre propre \u00e0 chaque soci\u00e9t\u00e9 visant \u00e0 identifier, quantifier et r\u00e9duire les risques pour votre entreprise. Notre compr\u00e9hension de l&rsquo;infrastructure de votre soci\u00e9t\u00e9 aboutit \u00e0 des solutions mesurables qui g\u00e9n\u00e8rent des avantages \u00e0 long terme.[\/vc_column_text][vc_btn title=\u00a0\u00bbEn savoir plus\u00a0\u00bb style=\u00a0\u00bbflat\u00a0\u00bb color=\u00a0\u00bbwhite\u00a0\u00bb size=\u00a0\u00bblg\u00a0\u00bb link=\u00a0\u00bburl:https%3A%2F%2Fwww.reconnaissancegroup.com%2Ffr%2Fles-services%2Fla-securite-et-la-gestion-des-risques%2F|||\u00a0\u00bb][vc_btn title=\u00a0\u00bbLisez une \u00e9tude de cas\u00a0\u00bb style=\u00a0\u00bbflat\u00a0\u00bb size=\u00a0\u00bblg\u00a0\u00bb link=\u00a0\u00bburl:https%3A%2F%2Fwww.reconnaissancegroup.com%2Ffr%2Fetude-de-cas%2Fconsultation-en-matiere-de-securite%2F|||\u00a0\u00bb][\/vc_column][\/vc_row][vc_row full_width=\u00a0\u00bbstretch_row\u00a0\u00bb css_animation=\u00a0\u00bbslideInUp\u00a0\u00bb bg_top_mobile=\u00a0\u00bbyes\u00a0\u00bb bg_type=\u00a0\u00bbbg_color\u00a0\u00bb css=\u00a0\u00bb.vc_custom_1539246522722{background: #ffffff url(https:\/\/www.reconnaissancegroup.com\/wp-content\/uploads\/2018\/08\/planning-for-the-unexpected.jpg?id=910) !important;background-position: center !important;background-repeat: no-repeat !important;background-size: cover !important;}\u00a0\u00bb][vc_column width=\u00a0\u00bb1\/2&Prime;][vc_custom_heading text=\u00a0\u00bbLa continuit\u00e9 des activit\u00e9s\u00a0\u00bb use_theme_fonts=\u00a0\u00bbyes\u00a0\u00bb][vc_custom_heading text=\u00a0\u00bbNous pr\u00e9voyons l&rsquo;inattendu\u00a0\u00bb font_container=\u00a0\u00bbtag:h3|text_align:left\u00a0\u00bb use_theme_fonts=\u00a0\u00bbyes\u00a0\u00bb][vc_column_text]<\/p>\n<p style=\"text-align: left;\">De nos jours, les entreprises sont confront\u00e9es \u00e0 un vaste \u00e9ventail de probl\u00e8mes tels que les cyberattaques, pand\u00e9mie mondiale, les catastrophes li\u00e9es au climat dans le monde entier ou des interruptions au sein de la cha\u00eene d&rsquo;approvisionnement. Le renforcement de la durabilit\u00e9 organisationnelle est crucial pour faire face \u00e0 ces probl\u00e8mes afin de veiller \u00e0 ce que la vision strat\u00e9gique de votre soci\u00e9t\u00e9 reste sur la bonne voie.<\/p>\n<p>[\/vc_column_text][vc_btn title=\u00a0\u00bbEn savoir plus\u00a0\u00bb style=\u00a0\u00bbflat\u00a0\u00bb color=\u00a0\u00bbwhite\u00a0\u00bb size=\u00a0\u00bblg\u00a0\u00bb link=\u00a0\u00bburl:https%3A%2F%2Fwww.reconnaissancegroup.com%2Ffr%2Fles-services%2Fla-continuite-des-activites%2F|||\u00a0\u00bb][vc_btn title=\u00a0\u00bbLisez une \u00e9tude de cas\u00a0\u00bb style=\u00a0\u00bbflat\u00a0\u00bb size=\u00a0\u00bblg\u00a0\u00bb link=\u00a0\u00bburl:https%3A%2F%2Fwww.reconnaissancegroup.com%2Ffr%2Fetude-de-cas%2Fla-mise-a-lepreuve-de-la-continuite%2F|||\u00a0\u00bb][\/vc_column][vc_column width=\u00a0\u00bb1\/2&Prime;][\/vc_column][\/vc_row][vc_row full_width=\u00a0\u00bbstretch_row\u00a0\u00bb css_animation=\u00a0\u00bbslideInUp\u00a0\u00bb bg_top_mobile=\u00a0\u00bbyes\u00a0\u00bb bg_type=\u00a0\u00bbbg_color\u00a0\u00bb css=\u00a0\u00bb.vc_custom_1539246537799{background: #171f32 url(https:\/\/www.reconnaissancegroup.com\/wp-content\/uploads\/2018\/08\/training-learning-in-action.jpg?id=911) !important;background-position: center !important;background-repeat: no-repeat !important;background-size: cover !important;}\u00a0\u00bb][vc_column width=\u00a0\u00bb1\/2&Prime; css=\u00a0\u00bb.vc_custom_1535554866293{padding-top: 0px !important;}\u00a0\u00bb][\/vc_column][vc_column width=\u00a0\u00bb1\/2&Prime;][vc_custom_heading text=\u00a0\u00bbLes formations\u00a0\u00bb use_theme_fonts=\u00a0\u00bbyes\u00a0\u00bb][vc_custom_heading text=\u00a0\u00bbApprentissage par l&rsquo;action\u00a0\u00bb font_container=\u00a0\u00bbtag:h3|text_align:left|color:%23ffffff\u00a0\u00bb use_theme_fonts=\u00a0\u00bbyes\u00a0\u00bb][vc_column_text el_class=\u00a0\u00bbwhite-text\u00a0\u00bb]<\/p>\n<p style=\"text-align: left;\">La formation est un investissement \u00e0 long terme dans le d\u00e9veloppement intellectuel de vos \u00e9quipes, elle renforce les comp\u00e9tences, la confiance et l&rsquo;engagement positif des employ\u00e9s. Nous fournissons un contenu sur mesure ainsi que les conseils d&rsquo;\u00e9minents experts pour rem\u00e9dier aux vuln\u00e9rabilit\u00e9s en mati\u00e8re de formation auxquelles les entreprises sont confront\u00e9es.<\/p>\n<p>[\/vc_column_text][vc_btn title=\u00a0\u00bbEn savoir plus\u00a0\u00bb style=\u00a0\u00bbflat\u00a0\u00bb color=\u00a0\u00bbwhite\u00a0\u00bb size=\u00a0\u00bblg\u00a0\u00bb link=\u00a0\u00bburl:https%3A%2F%2Fwww.reconnaissancegroup.com%2Ffr%2Fles-services%2Fles-formations%2F|||\u00a0\u00bb][vc_btn title=\u00a0\u00bbLisez une \u00e9tude de cas\u00a0\u00bb style=\u00a0\u00bbflat\u00a0\u00bb size=\u00a0\u00bblg\u00a0\u00bb link=\u00a0\u00bburl:https%3A%2F%2Fwww.reconnaissancegroup.com%2Ffr%2Fetude-de-cas%2Fla-formation-a-la-securite%2F|||\u00a0\u00bb][\/vc_column][\/vc_row][vc_row full_width=\u00a0\u00bbstretch_row\u00a0\u00bb css_animation=\u00a0\u00bbslideInUp\u00a0\u00bb css=\u00a0\u00bb.vc_custom_1539246579042{background-image: url(https:\/\/www.reconnaissancegroup.com\/wp-content\/uploads\/2018\/08\/get-in-touch.jpg?id=916) !important;background-position: center !important;background-repeat: no-repeat !important;background-size: cover !important;}\u00a0\u00bb][vc_column][vc_custom_heading text=\u00a0\u00bbConnectons-nous et transformons nos id\u00e9es en action\u00a0\u00bb font_container=\u00a0\u00bbtag:h3|text_align:center|color:%23ffffff\u00a0\u00bb use_theme_fonts=\u00a0\u00bbyes\u00a0\u00bb][vc_column_text el_class=\u00a0\u00bbwhite-text\u00a0\u00bb]<\/p>\n<p style=\"text-align: center;\">Discutez avec nous aujourd&rsquo;hui de la fa\u00e7on dont nous pouvons vous aider \u00e0 g\u00e9rer et \u00e0 r\u00e9duire les risques en constante \u00e9volution pour votre entreprise par le biais de notre m\u00e9thodologie ax\u00e9e sur les processus.<\/p>\n<p>[\/vc_column_text][vc_btn title=\u00a0\u00bbContactez-nous\u00a0\u00bb style=\u00a0\u00bbflat\u00a0\u00bb size=\u00a0\u00bblg\u00a0\u00bb align=\u00a0\u00bbcenter\u00a0\u00bb link=\u00a0\u00bburl:https%3A%2F%2Fwww.reconnaissancegroup.com%2Ffr%2Fcontact%2F|||\u00a0\u00bb][\/vc_column][\/vc_row]<\/p>\n<\/div>","protected":false},"excerpt":{"rendered":"<p>[vc_row full_width=\u00a0\u00bbstretch_row\u00a0\u00bb css=\u00a0\u00bb.vc_custom_1539610193793{background-image: url(https:\/\/www.reconnaissancegroup.com\/wp-content\/uploads\/2018\/10\/reconn-video-poster-image-02.jpg?id=1400) !important;background-position: center !important;background-repeat: no-repeat !important;background-size: cover !important;}\u00a0\u00bb][vc_column][vc_row_inner][vc_column_inner width=\u00a0\u00bb1\/2&Prime;][vc_empty_space height=\u00a0\u00bb200px\u00a0\u00bb][vc_custom_heading text=\u00a0\u00bbNous ne laissons rien au hasard\u00a0\u00bb font_container=\u00a0\u00bbtag:h2|text_align:left|color:%23ffffff\u00a0\u00bb use_theme_fonts=\u00a0\u00bbyes\u00a0\u00bb el_class=\u00a0\u00bbpage-title\u00a0\u00bb][vc_column_text el_class=\u00a0\u00bbwhite-text\u00a0\u00bb]Des solutions de gestion de risques de s\u00e9curit\u00e9 [&hellip;]<\/p>\n","protected":false},"author":1,"featured_media":0,"parent":0,"menu_order":0,"comment_status":"closed","ping_status":"closed","template":"","meta":{"_acf_changed":false,"_genesis_hide_title":false,"_genesis_hide_breadcrumbs":false,"_genesis_hide_singular_image":false,"_genesis_hide_footer_widgets":false,"_genesis_custom_body_class":"","_genesis_custom_post_class":"","_genesis_layout":"full-width-content","footnotes":""},"class_list":{"0":"post-1585","1":"page","2":"type-page","3":"status-publish","5":"entry"},"acf":[],"yoast_head":"<!-- This site is optimized with the Yoast SEO plugin v27.3 - https:\/\/yoast.com\/product\/yoast-seo-wordpress\/ -->\n<title>Home - Reconnaissance Group Security Solutions<\/title>\n<meta name=\"robots\" content=\"index, follow, max-snippet:-1, max-image-preview:large, max-video-preview:-1\" \/>\n<link rel=\"canonical\" href=\"https:\/\/www.reconnaissancegroup.com\/fr\/\" \/>\n<meta property=\"og:locale\" content=\"fr_FR\" \/>\n<meta property=\"og:type\" content=\"article\" \/>\n<meta property=\"og:title\" content=\"Home - Reconnaissance Group Security Solutions\" \/>\n<meta property=\"og:description\" content=\"[vc_row full_width=\u00a0\u00bbstretch_row\u00a0\u00bb css=\u00a0\u00bb.vc_custom_1539610193793{background-image: url(https:\/\/www.reconnaissancegroup.com\/wp-content\/uploads\/2018\/10\/reconn-video-poster-image-02.jpg?id=1400) !important;background-position: center !important;background-repeat: no-repeat !important;background-size: cover !important;}\u00a0\u00bb][vc_column][vc_row_inner][vc_column_inner width=\u00a0\u00bb1\/2&Prime;][vc_empty_space height=\u00a0\u00bb200px\u00a0\u00bb][vc_custom_heading text=\u00a0\u00bbNous ne laissons rien au hasard\u00a0\u00bb font_container=\u00a0\u00bbtag:h2|text_align:left|color:%23ffffff\u00a0\u00bb use_theme_fonts=\u00a0\u00bbyes\u00a0\u00bb el_class=\u00a0\u00bbpage-title\u00a0\u00bb][vc_column_text el_class=\u00a0\u00bbwhite-text\u00a0\u00bb]Des solutions de gestion de risques de s\u00e9curit\u00e9 [&hellip;]\" \/>\n<meta property=\"og:url\" content=\"https:\/\/www.reconnaissancegroup.com\/fr\/\" \/>\n<meta property=\"og:site_name\" content=\"Reconnaissance Group Security Solutions\" \/>\n<meta property=\"article:modified_time\" content=\"2026-02-10T13:15:56+00:00\" \/>\n<meta name=\"twitter:card\" content=\"summary_large_image\" \/>\n<meta name=\"twitter:label1\" content=\"Dur\u00e9e de lecture estim\u00e9e\" \/>\n\t<meta name=\"twitter:data1\" content=\"3 minutes\" \/>\n<script type=\"application\/ld+json\" class=\"yoast-schema-graph\">{\"@context\":\"https:\\\/\\\/schema.org\",\"@graph\":[{\"@type\":\"WebPage\",\"@id\":\"https:\\\/\\\/www.reconnaissancegroup.com\\\/fr\\\/\",\"url\":\"https:\\\/\\\/www.reconnaissancegroup.com\\\/fr\\\/\",\"name\":\"Home - Reconnaissance Group Security Solutions\",\"isPartOf\":{\"@id\":\"https:\\\/\\\/www.reconnaissancegroup.com\\\/#website\"},\"datePublished\":\"2018-08-30T08:44:17+00:00\",\"dateModified\":\"2026-02-10T13:15:56+00:00\",\"breadcrumb\":{\"@id\":\"https:\\\/\\\/www.reconnaissancegroup.com\\\/fr\\\/#breadcrumb\"},\"inLanguage\":\"fr-FR\",\"potentialAction\":[{\"@type\":\"ReadAction\",\"target\":[\"https:\\\/\\\/www.reconnaissancegroup.com\\\/fr\\\/\"]}]},{\"@type\":\"BreadcrumbList\",\"@id\":\"https:\\\/\\\/www.reconnaissancegroup.com\\\/fr\\\/#breadcrumb\",\"itemListElement\":[{\"@type\":\"ListItem\",\"position\":1,\"name\":\"Home\",\"item\":\"https:\\\/\\\/www.reconnaissancegroup.com\\\/fr\\\/\"},{\"@type\":\"ListItem\",\"position\":2,\"name\":\"Home\"}]},{\"@type\":\"WebSite\",\"@id\":\"https:\\\/\\\/www.reconnaissancegroup.com\\\/#website\",\"url\":\"https:\\\/\\\/www.reconnaissancegroup.com\\\/\",\"name\":\"Reconnaissance Group Security Solutions\",\"description\":\"Reconnaissance Group provides security services and solutions to enable our clients to operate normal business activities in abnormal business environments.\",\"publisher\":{\"@id\":\"https:\\\/\\\/www.reconnaissancegroup.com\\\/#organization\"},\"potentialAction\":[{\"@type\":\"SearchAction\",\"target\":{\"@type\":\"EntryPoint\",\"urlTemplate\":\"https:\\\/\\\/www.reconnaissancegroup.com\\\/?s={search_term_string}\"},\"query-input\":{\"@type\":\"PropertyValueSpecification\",\"valueRequired\":true,\"valueName\":\"search_term_string\"}}],\"inLanguage\":\"fr-FR\"},{\"@type\":\"Organization\",\"@id\":\"https:\\\/\\\/www.reconnaissancegroup.com\\\/#organization\",\"name\":\"Reconnaissance Group\",\"url\":\"https:\\\/\\\/www.reconnaissancegroup.com\\\/\",\"logo\":{\"@type\":\"ImageObject\",\"inLanguage\":\"fr-FR\",\"@id\":\"https:\\\/\\\/www.reconnaissancegroup.com\\\/#\\\/schema\\\/logo\\\/image\\\/\",\"url\":\"https:\\\/\\\/www.reconnaissancegroup.com\\\/wp-content\\\/uploads\\\/2018\\\/09\\\/reconn-logo-login.png\",\"contentUrl\":\"https:\\\/\\\/www.reconnaissancegroup.com\\\/wp-content\\\/uploads\\\/2018\\\/09\\\/reconn-logo-login.png\",\"width\":300,\"height\":80,\"caption\":\"Reconnaissance Group\"},\"image\":{\"@id\":\"https:\\\/\\\/www.reconnaissancegroup.com\\\/#\\\/schema\\\/logo\\\/image\\\/\"},\"sameAs\":[\"https:\\\/\\\/www.linkedin.com\\\/company\\\/reconnaissance-group?trk=tyah&amp;amp;ampampamptrkInfo=tarId1414572360952tasreconnaissanceidx3-2-7\"]}]}<\/script>\n<!-- \/ Yoast SEO plugin. -->","yoast_head_json":{"title":"Home - Reconnaissance Group Security Solutions","robots":{"index":"index","follow":"follow","max-snippet":"max-snippet:-1","max-image-preview":"max-image-preview:large","max-video-preview":"max-video-preview:-1"},"canonical":"https:\/\/www.reconnaissancegroup.com\/fr\/","og_locale":"fr_FR","og_type":"article","og_title":"Home - Reconnaissance Group Security Solutions","og_description":"[vc_row full_width=\u00a0\u00bbstretch_row\u00a0\u00bb css=\u00a0\u00bb.vc_custom_1539610193793{background-image: url(https:\/\/www.reconnaissancegroup.com\/wp-content\/uploads\/2018\/10\/reconn-video-poster-image-02.jpg?id=1400) !important;background-position: center !important;background-repeat: no-repeat !important;background-size: cover !important;}\u00a0\u00bb][vc_column][vc_row_inner][vc_column_inner width=\u00a0\u00bb1\/2&Prime;][vc_empty_space height=\u00a0\u00bb200px\u00a0\u00bb][vc_custom_heading text=\u00a0\u00bbNous ne laissons rien au hasard\u00a0\u00bb font_container=\u00a0\u00bbtag:h2|text_align:left|color:%23ffffff\u00a0\u00bb use_theme_fonts=\u00a0\u00bbyes\u00a0\u00bb el_class=\u00a0\u00bbpage-title\u00a0\u00bb][vc_column_text el_class=\u00a0\u00bbwhite-text\u00a0\u00bb]Des solutions de gestion de risques de s\u00e9curit\u00e9 [&hellip;]","og_url":"https:\/\/www.reconnaissancegroup.com\/fr\/","og_site_name":"Reconnaissance Group Security Solutions","article_modified_time":"2026-02-10T13:15:56+00:00","twitter_card":"summary_large_image","twitter_misc":{"Dur\u00e9e de lecture estim\u00e9e":"3 minutes"},"schema":{"@context":"https:\/\/schema.org","@graph":[{"@type":"WebPage","@id":"https:\/\/www.reconnaissancegroup.com\/fr\/","url":"https:\/\/www.reconnaissancegroup.com\/fr\/","name":"Home - Reconnaissance Group Security Solutions","isPartOf":{"@id":"https:\/\/www.reconnaissancegroup.com\/#website"},"datePublished":"2018-08-30T08:44:17+00:00","dateModified":"2026-02-10T13:15:56+00:00","breadcrumb":{"@id":"https:\/\/www.reconnaissancegroup.com\/fr\/#breadcrumb"},"inLanguage":"fr-FR","potentialAction":[{"@type":"ReadAction","target":["https:\/\/www.reconnaissancegroup.com\/fr\/"]}]},{"@type":"BreadcrumbList","@id":"https:\/\/www.reconnaissancegroup.com\/fr\/#breadcrumb","itemListElement":[{"@type":"ListItem","position":1,"name":"Home","item":"https:\/\/www.reconnaissancegroup.com\/fr\/"},{"@type":"ListItem","position":2,"name":"Home"}]},{"@type":"WebSite","@id":"https:\/\/www.reconnaissancegroup.com\/#website","url":"https:\/\/www.reconnaissancegroup.com\/","name":"Reconnaissance Group Security Solutions","description":"Reconnaissance Group provides security services and solutions to enable our clients to operate normal business activities in abnormal business environments.","publisher":{"@id":"https:\/\/www.reconnaissancegroup.com\/#organization"},"potentialAction":[{"@type":"SearchAction","target":{"@type":"EntryPoint","urlTemplate":"https:\/\/www.reconnaissancegroup.com\/?s={search_term_string}"},"query-input":{"@type":"PropertyValueSpecification","valueRequired":true,"valueName":"search_term_string"}}],"inLanguage":"fr-FR"},{"@type":"Organization","@id":"https:\/\/www.reconnaissancegroup.com\/#organization","name":"Reconnaissance Group","url":"https:\/\/www.reconnaissancegroup.com\/","logo":{"@type":"ImageObject","inLanguage":"fr-FR","@id":"https:\/\/www.reconnaissancegroup.com\/#\/schema\/logo\/image\/","url":"https:\/\/www.reconnaissancegroup.com\/wp-content\/uploads\/2018\/09\/reconn-logo-login.png","contentUrl":"https:\/\/www.reconnaissancegroup.com\/wp-content\/uploads\/2018\/09\/reconn-logo-login.png","width":300,"height":80,"caption":"Reconnaissance Group"},"image":{"@id":"https:\/\/www.reconnaissancegroup.com\/#\/schema\/logo\/image\/"},"sameAs":["https:\/\/www.linkedin.com\/company\/reconnaissance-group?trk=tyah&amp;amp;ampampamptrkInfo=tarId1414572360952tasreconnaissanceidx3-2-7"]}]}},"_links":{"self":[{"href":"https:\/\/www.reconnaissancegroup.com\/fr\/wp-json\/wp\/v2\/pages\/1585","targetHints":{"allow":["GET"]}}],"collection":[{"href":"https:\/\/www.reconnaissancegroup.com\/fr\/wp-json\/wp\/v2\/pages"}],"about":[{"href":"https:\/\/www.reconnaissancegroup.com\/fr\/wp-json\/wp\/v2\/types\/page"}],"author":[{"embeddable":true,"href":"https:\/\/www.reconnaissancegroup.com\/fr\/wp-json\/wp\/v2\/users\/1"}],"replies":[{"embeddable":true,"href":"https:\/\/www.reconnaissancegroup.com\/fr\/wp-json\/wp\/v2\/comments?post=1585"}],"version-history":[{"count":10,"href":"https:\/\/www.reconnaissancegroup.com\/fr\/wp-json\/wp\/v2\/pages\/1585\/revisions"}],"predecessor-version":[{"id":2758,"href":"https:\/\/www.reconnaissancegroup.com\/fr\/wp-json\/wp\/v2\/pages\/1585\/revisions\/2758"}],"wp:attachment":[{"href":"https:\/\/www.reconnaissancegroup.com\/fr\/wp-json\/wp\/v2\/media?parent=1585"}],"curies":[{"name":"wp","href":"https:\/\/api.w.org\/{rel}","templated":true}]}}